{"id":9073,"date":"2019-06-23T14:30:57","date_gmt":"2019-06-23T12:30:57","guid":{"rendered":"https:\/\/www.vpst-laubach.de\/wp\/?page_id=9073"},"modified":"2023-05-17T23:24:59","modified_gmt":"2023-05-17T21:24:59","slug":"in-memoriam-i","status":"publish","type":"page","link":"https:\/\/www.vpst-laubach.de\/wp\/in-memoriam-i\/","title":{"rendered":"In memoriam I"},"content":{"rendered":"<!-- RS_MODULE_CODE_2.4.6 --><div id=\"readspeaker_button9073\" class=\"rs_skip rsbtn rs_preserve\"><a class=\"rsbtn_play\" title=\"Um den Text anzuh\u00f6ren, verwenden Sie bitte ReadSpeaker\" accesskey=\"L\" href=\"\/\/app-eu.readspeaker.com\/cgi-bin\/rsent?customerid=11662&amp;lang=de_de&amp;readid=rspeak_read_9073&amp;url=https%3A%2F%2Fwww.vpst-laubach.de%2Fwp%2Fwp-json%2Fwp%2Fv2%2Fpages%2F9073\">\n        <span class=\"rsbtn_left rsimg rspart\"><span class=\"rsbtn_text\"><span>Vorlesen<\/span><\/span><\/span>\n        <span class=\"rsbtn_right rsimg rsplay rspart\"><\/span>\n        <\/a><\/div><div id=\"rspeak_read_9073\"><table style=\"width: 100%;\">\n<tbody>\n<tr>\n<td style=\"width: 25px; height: 25px;\"><div class=\"printomatic pom-small \" id=\"id8449\" data-print_target=\"article\"><\/div><\/td>\n<td style=\"width: 25px; height: 25px;\"><a href=\"https:\/\/www.vpst-laubach.de\/wp\"><img loading=\"lazy\" decoding=\"async\" class=\"alignnone wp-image-947\" src=\"https:\/\/www.vpst-laubach.de\/wp\/wp-content\/uploads\/2016\/02\/home.png\" alt width=\"19\" height=\"19\"><\/a><\/td>\n<td style=\"width: 25px; height: 25px;\"><img loading=\"lazy\" decoding=\"async\" class=\"wp-image-949 alignnone\" src=\"https:\/\/www.vpst-laubach.de\/wp\/wp-content\/uploads\/2016\/02\/like.png\" width=\"19\" height=\"19\"><\/td>\n<td style=\"width: 77.4096%;\"><span style=\"font-size: 10pt; font-family: arial, helvetica, sans-serif;\">\/\u200b <a href=\"https:\/\/www.vpst-laubach.de\/wp\">\u00dcber uns<\/a> \/\u200b <a href=\"https:\/\/www.vpst-laubach.de\/wp\/der-vpst\/\">Der VPsT<\/a> \/\u200b <a href=\"https:\/\/www.vpst-laubach.de\/wp\/?page_id=1963\">Geschichte<\/a> \/\u200b <a href=\"https:\/\/www.vpst-laubach.de\/wp\/geschichte\/wuerdigung-von-horst-eberhard-richter\/\">W\u00fcrdigung von H.-E. Richter<\/a> \/\u200b<br>\n\/\u200b In memoriam I<br>\n<\/span><\/td>\n<\/tr>\n<\/tbody>\n<\/table>\n<h1>In memoriam I<\/h1>\n<p style=\"text-align: justify;\"><span style=\"font-family: arial, helvetica, sans-serif; font-size: 10pt;\"><img loading=\"lazy\" decoding=\"async\" class=\"alignleft wp-image-5625 size-full\" src=\"https:\/\/www.vpst-laubach.de\/wp\/wp-content\/uploads\/2018\/01\/Richter-gross-e1562058055538.jpg\" alt width=\"220\" height=\"251\"><\/span><span style=\"font-family: arial, helvetica, sans-serif; font-size: 10pt;\">Am 19.12.2011 starb nach kurzer schwerer Krankheit<\/span><\/p>\n<p align=\"center\"><span style=\"font-family: arial, helvetica, sans-serif; font-size: 10pt;\"><strong>Prof. Dr. phil. Dr. med. Horst-\u200bEberhard Richter&nbsp;<\/strong><\/span><\/p>\n<p style=\"text-align: justify;\"><span style=\"font-family: arial, helvetica, sans-serif; font-size: 10pt;\">im Alter von 88 Jahren. Wir, die Mitarbeiterinnen und Mitarbeiter sowie die Mitglieder des Vereins f\u00fcr Psychosoziale Therapie e.V. und die Mitglieder des F\u00f6rdervereins f\u00fcr das Beratungszentrum Laubach und Gr\u00fcnberg trauern um unseren Gr\u00fcnder und langj\u00e4hrigen Vorsitzenden.<\/span><\/p>\n<p style=\"text-align: justify;\"><span style=\"font-family: arial, helvetica, sans-serif; font-size: 10pt;\">Mit den nachfolgenden Ausf\u00fchrungen wollen wir nicht das Leben Horst-\u200bEberhard Richters nachzeichnen. Wir wollen vielmehr den Versuch unternehmen, in einer durchaus gewollt subjektiven Sichtweise seine f\u00fcr uns wichtige Rolle abzubilden und damit seine Bedeutung als Sozialpsychologe, Familientherapeut und Psychoanalytiker hervorzuheben, die er \u00fcber seinen Tod hinaus f\u00fcr uns hat \u2013 f\u00fcr jeden Einzelnen pers\u00f6nlich wie auch f\u00fcr den Verein als Tr\u00e4ger eines Verbunds psychosozialer Einrichtungen im \u00f6stlichen Landkreis Gie\u00dfen. Gleichwohl sind wir uns dessen bewusst, dass dies nur ein sehr kleiner Ausschnitt aus seinem au\u00dferordentlich facettenreichen und bewegten Leben sein&nbsp;kann.<\/span><\/p>\n<p style=\"text-align: justify;\"><span style=\"font-family: arial, helvetica, sans-serif; font-size: 10pt;\">Bis zuletzt war Horst-\u200bEberhard Richter unserem Verein, seinen Mitarbeiterinnen und Mitarbeitern sowie seinen Mitgliedern eng verbunden. Er war f\u00fcr uns Leitfigur, Vordenker und Vision\u00e4r in einer Person. Seiner Initiative, tatkr\u00e4ftigen Unterst\u00fctzung und langj\u00e4hrigen Begleitung haben wir es zu verdanken, dass bis heute psychosoziale Beratungs- und Betreuungsangebote im Landkreis Gie\u00dfen integrativ und ganzheitlich angeboten werden k\u00f6nnen. Das Beratungszentrum Laubach und Gr\u00fcnberg, die Tagesst\u00e4tte Laubach und das Betreute Wohnen Laubach unter dem Dach des Vereins sind hierf\u00fcr sichtbare Belege.<\/span><\/p>\n<p style=\"text-align: justify;\"><span style=\"font-family: arial, helvetica, sans-serif; font-size: 10pt;\">Um jedoch Richters au\u00dfergew\u00f6hnliche Rolle f\u00fcr den Verein und letztlich f\u00fcr die gesamte l\u00e4ndliche Region wirklich gerecht werden zu k\u00f6nnen, ist es unerl\u00e4sslich zur\u00fcck zu blicken auf die Situation vor mehr als 30 Jahren. Denn Horst-\u200bEberhard Richter war als Mitglied der Enquete-\u200bMission der Bundesregierung im Zuge der Psychiatrie-\u200bReform der 70er Jahre ma\u00dfgeblich an der Planung und Neuordnung der psychosozialen Versorgung beteiligt. Der \u201eBericht \u00fcber die Lage der Psychiatrie in der Bundesrepublik Deutschland \u2013 zur psychiatrischen und psychotherapeutisch\/\u200bpsychosomatischen Versorgung\u201c (1975), auch \u201ePsychiatrie-\u200bEnquete\u201c genannt, machte den Bedarf an neuen Arbeitsformen und Organisationsstrukturen zur Reform der Versorgung psychisch kranker und behinderter Menschen offenkundig. Aus neuen Modellen der Zusammenarbeit psychiatrischer und psychotherapeutischer Berufsgruppen und Institutionen entstanden in der Folge so genannte \u201ePsychosoziale Arbeitsgemeinschaften (PSAG)\u201c.<\/span><\/p>\n<p style=\"text-align: justify;\"><span style=\"font-family: arial, helvetica, sans-serif; font-size: 10pt;\">\u201eWir entwickelten Vorschl\u00e4ge\u201c, erz\u00e4hlt Richter in seinem sehr pers\u00f6nlich erz\u00e4hlten Buch \u201eWanderer zwischen den Fronten\u201c, \u201ewie auf dem Lande regional arbeitende psychosoziale Dienste aufzubauen seien, die ganzheitlich, von Erziehungsschwierigkeiten bis zu psychischen St\u00f6rungen alter Menschen, von Suchtproblemen bis zu Familienkrisen, betreuend t\u00e4tig werden sollten.\u201c In Laubach entstand auf diese Weise Ende der 70er Jahre erstmals eine ambulant arbeitende, gemeindenahe Versorgungseinrichtung \u2013 unter dem Begriff \u201ePsychosoziale Kontakt- und Beratungsstelle\u201c (PSKB).<\/span><\/p>\n<hr>\n<table style=\"width: 581px; border-collapse: collapse;\">\n<tbody>\n<tr style=\"height: 4px;\">\n<td style=\"width: 154px; height: 10px;\"><a href=\"https:\/\/www.vpst-laubach.de\/wp\/in-memoriam-die-gruendung-des-vpst\/\"><img loading=\"lazy\" decoding=\"async\" class=\"wp-image-5130 size-full alignnone\" src=\"https:\/\/www.vpst-laubach.de\/wp\/wp-content\/uploads\/2017\/06\/VPST-klein-1.jpg\" alt width=\"150\" height=\"100\"><\/a><\/td>\n<td style=\"width: 439px; height: 10px;\">\n<h3 style=\"text-align: justify;\"><strong><a href=\"https:\/\/www.vpst-laubach.de\/wp\/in-memoriam-die-gruendung-des-vpst\/\"><span style=\"font-family: arial, helvetica, sans-serif;\">In memoriam I \u2013 Die Gr\u00fcndung des&nbsp;VPsT<\/span><\/a><\/strong><\/h3>\n<p style=\"text-align: justify;\"><span style=\"font-family: arial, helvetica, sans-serif; font-size: 10pt;\">Der gewollt subjektive (R\u00fcck-)blick aus der Sicht der Mitarbeiter*innen des Vereins geht mit der Gr\u00fcndung des VPsT weiter \u2013 <a href=\"https:\/\/www.vpst-laubach.de\/wp\/in-memoriam-die-gruendung-des-vpst\/\">mehr im 2. Teil<\/a>.<\/span><\/p>\n<hr>\n<\/td>\n<\/tr>\n<tr style=\"height: 4px;\">\n<td style=\"width: 154px; height: 10px;\"><a href=\"https:\/\/www.vpst-laubach.de\/wp\/in-memoriam-i-krankheit-und-therapie-3-teil\/\"><img loading=\"lazy\" decoding=\"async\" class=\"alignnone wp-image-5130 size-full\" src=\"https:\/\/www.vpst-laubach.de\/wp\/wp-content\/uploads\/2017\/06\/VPST-klein-1.jpg\" alt width=\"150\" height=\"100\"><\/a><\/td>\n<td style=\"width: 439px; height: 10px;\">\n<h3><a href=\"https:\/\/www.vpst-laubach.de\/wp\/in-memoriam-i-krankheit-und-therapie-3-teil\/\"><span style=\"font-family: arial, helvetica, sans-serif;\"><strong>In memoriam I \u2013 Krankheit und Therapie<\/strong><\/span><\/a><\/h3>\n<p><span style=\"font-family: arial, helvetica, sans-serif; font-size: 10pt;\">Die Fortsetzung und damit auf Richters Krankheitsbegriff, der auf der \u00dcberzeugung gr\u00fcndete, dass psychisches Wohlbefinden soziales Wohlbefinden einschlie\u00dft und zugleich voraussetzt \u2013 <\/span><a href=\"https:\/\/www.vpst-laubach.de\/wp\/in-memoriam-i-krankheit-und-therapie-3-teil\/\"><span style=\"font-family: arial, helvetica, sans-serif; font-size: 10pt;\">mehr im 3.&nbsp;Teil<\/span><\/a><\/p>\n<hr>\n<\/td>\n<\/tr>\n<tr style=\"height: 4px;\">\n<td style=\"width: 154px; height: 10px;\"><a href=\"https:\/\/www.vpst-laubach.de\/wp\/geschichte\/wuerdigung-von-horst-eberhard-richter\/\"><img loading=\"lazy\" decoding=\"async\" class=\"alignnone wp-image-5130 size-full\" src=\"https:\/\/www.vpst-laubach.de\/wp\/wp-content\/uploads\/2017\/06\/VPST-klein-1.jpg\" alt width=\"150\" height=\"100\"><\/a><\/td>\n<td style=\"width: 439px; height: 10px;\">\n<h3><strong><a href=\"https:\/\/www.vpst-laubach.de\/wp\/geschichte\/wuerdigung-von-horst-eberhard-richter\/\"><span style=\"font-family: arial, helvetica, sans-serif;\">In memoriam II<\/span><\/a><\/strong><\/h3>\n<p style=\"text-align: justify;\"><span style=\"font-family: arial, helvetica, sans-serif; font-size: 10pt;\">Seine pers\u00f6nliche Erinnerung an Horst-\u200bEberhard Richter schildert Prof. Dr. Hans-\u200bJ\u00fcrgen Wirth, selbst Psychoanalytiker und Verleger auf den Seiten des <a href=\"https:\/\/www.psychosozial-verlag.de\/cms\/nachrichtenleser\/items\/horst-eberhard-richter-ist-gestorben.html\">psychosozial-\u200bverlags<\/a>.<\/span><\/p>\n<hr>\n<\/td>\n<\/tr>\n<\/tbody>\n<\/table>\n<\/div>","protected":false},"excerpt":{"rendered":"<!-- RS_MODULE_CODE_2.4.6 --><div id=\"readspeaker_button9073\" class=\"rs_skip rsbtn rs_preserve\"><a class=\"rsbtn_play\" title=\"Um den Text anzuh\u00f6ren, verwenden Sie bitte ReadSpeaker\" accesskey=\"L\" href=\"\/\/app-eu.readspeaker.com\/cgi-bin\/rsent?customerid=11662&amp;lang=de_de&amp;readid=rspeak_read_9073&amp;url=https%3A%2F%2Fwww.vpst-laubach.de%2Fwp%2Fwp-json%2Fwp%2Fv2%2Fpages%2F9073\">\n        <span class=\"rsbtn_left rsimg rspart\"><span class=\"rsbtn_text\"><span>Vorlesen<\/span><\/span><\/span>\n        <span class=\"rsbtn_right rsimg rsplay rspart\"><\/span>\n        <\/a><\/div><div id=\"rspeak_read_9073\"><p> \/\u200b\u200b \u00dcber uns \/\u200b\u200b Der VPsT \/\u200b\u200b Geschichte \/\u200b\u200b W\u00fcrdigung von H.-E. Richter \/\u200b\u200b \/\u200b\u200b In memoriam I&nbsp;In memoriam I&nbsp;Am 19.12.2011 starb nach kurzer schwerer Krankheit Prof. <a class=\"more-link\" href=\"https:\/\/www.vpst-laubach.de\/wp\/in-memoriam-i\/\">weiterlesen \u2192<\/a><\/p>\n<\/div>","protected":false},"author":4,"featured_media":0,"parent":0,"menu_order":0,"comment_status":"closed","ping_status":"closed","template":"","meta":{"wp_typography_post_enhancements_disabled":false,"footnotes":""},"class_list":["post-9073","page","type-page","status-publish","hentry"],"_links":{"self":[{"href":"https:\/\/www.vpst-laubach.de\/wp\/wp-json\/wp\/v2\/pages\/9073","targetHints":{"allow":["GET"]}}],"collection":[{"href":"https:\/\/www.vpst-laubach.de\/wp\/wp-json\/wp\/v2\/pages"}],"about":[{"href":"https:\/\/www.vpst-laubach.de\/wp\/wp-json\/wp\/v2\/types\/page"}],"author":[{"embeddable":true,"href":"https:\/\/www.vpst-laubach.de\/wp\/wp-json\/wp\/v2\/users\/4"}],"replies":[{"embeddable":true,"href":"https:\/\/www.vpst-laubach.de\/wp\/wp-json\/wp\/v2\/comments?post=9073"}],"version-history":[{"count":20,"href":"https:\/\/www.vpst-laubach.de\/wp\/wp-json\/wp\/v2\/pages\/9073\/revisions"}],"predecessor-version":[{"id":13376,"href":"https:\/\/www.vpst-laubach.de\/wp\/wp-json\/wp\/v2\/pages\/9073\/revisions\/13376"}],"wp:attachment":[{"href":"https:\/\/www.vpst-laubach.de\/wp\/wp-json\/wp\/v2\/media?parent=9073"}],"curies":[{"name":"wp","href":"https:\/\/api.w.org\/{rel}","templated":true}]}}