{"id":8819,"date":"2019-06-14T14:49:28","date_gmt":"2019-06-14T12:49:28","guid":{"rendered":"https:\/\/www.vpst-laubach.de\/wp\/?page_id=8819"},"modified":"2024-10-09T08:26:21","modified_gmt":"2024-10-09T06:26:21","slug":"beratung-und-supervision","status":"publish","type":"page","link":"https:\/\/www.vpst-laubach.de\/wp\/beratung-und-supervision\/","title":{"rendered":"Beratung und Supervision"},"content":{"rendered":"<!-- RS_MODULE_CODE_2.4.6 --><div id=\"readspeaker_button8819\" class=\"rs_skip rsbtn rs_preserve\"><a class=\"rsbtn_play\" title=\"Um den Text anzuh\u00f6ren, verwenden Sie bitte ReadSpeaker\" accesskey=\"L\" href=\"\/\/app-eu.readspeaker.com\/cgi-bin\/rsent?customerid=11662&amp;lang=de_de&amp;readid=rspeak_read_8819&amp;url=https%3A%2F%2Fwww.vpst-laubach.de%2Fwp%2Fwp-json%2Fwp%2Fv2%2Fpages%2F8819\">\n        <span class=\"rsbtn_left rsimg rspart\"><span class=\"rsbtn_text\"><span>Vorlesen<\/span><\/span><\/span>\n        <span class=\"rsbtn_right rsimg rsplay rspart\"><\/span>\n        <\/a><\/div><div id=\"rspeak_read_8819\"><table style=\"width: 100%;\">\n<tbody>\n<tr>\n<td style=\"width: 25px; height: 25px;\"><span style=\"font-family: arial, helvetica, sans-serif; font-size: 10pt;\"><div class=\"printomatic pom-small \" id=\"id6613\" data-print_target=\"article\"><\/div><\/span><\/td>\n<td style=\"width: 25px; height: 25px;\"><span style=\"font-family: arial, helvetica, sans-serif; font-size: 10pt;\"><img loading=\"lazy\" decoding=\"async\" class=\"alignnone wp-image-947\" src=\"https:\/\/www.vpst-laubach.de\/wp\/wp-content\/uploads\/2016\/02\/home.png\" width=\"19\" height=\"19\"><\/span><\/td>\n<td style=\"width: 25px; height: 25px;\"><span style=\"font-family: arial, helvetica, sans-serif; font-size: 10pt;\"><img loading=\"lazy\" decoding=\"async\" class=\"alignnone wp-image-949\" src=\"https:\/\/www.vpst-laubach.de\/wp\/wp-content\/uploads\/2016\/02\/like.png\" width=\"19\" height=\"19\"><\/span><\/td>\n<td style=\"width: 82.5301%;\"><span style=\"font-family: arial, helvetica, sans-serif; font-size: 10pt;\">\/\u200b Beratung und Supervision<\/span><\/td>\n<\/tr>\n<\/tbody>\n<\/table>\n<h1><strong>Beratung und Supervision<\/strong><\/h1>\n<p style=\"text-align: justify;\"><span style=\"font-family: arial, helvetica, sans-serif; font-size: 10pt;\"><strong><img loading=\"lazy\" decoding=\"async\" class=\"size-medium wp-image-8004 alignleft\" src=\"https:\/\/www.vpst-laubach.de\/wp\/wp-content\/uploads\/2018\/11\/BS-neu-gro\u00df-300x225.jpg\" alt width=\"300\" height=\"225\"><\/strong><\/span><\/p>\n<p><span style=\"font-family: arial, helvetica, sans-serif; font-size: 10pt;\">Jeder Mensch unterzieht sich jeden Tag ganz unbewusst einer oder sogar mehreren Beratung\/\u200ben. Sei es beim Arzt, in der Apotheke oder ganz lapidar beim Einkaufen. Doch was ist, wenn man eine spezielle Beratung ben\u00f6tigt \u2013 etwa in einer schwierigen oder au\u00dfergew\u00f6hnlichen Lebenssituation? Leistungsdruck und ein \u00fcberm\u00e4\u00dfig hohes Arbeitspensum, Probleme mit den Kindern, in der Partnerschaft oder der Familie oder gar der Tod eines Angeh\u00f6rigen \u2013 diese und weitere Faktoren \u00fcberfordern immer mehr Menschen und f\u00fchren nicht selten zu gesundheitlichen Beschwerden. Eine professionelle Beratung ist sodann ratsam und erforderlich.<\/span><\/p>\n<p><span style=\"font-family: arial, helvetica, sans-serif; font-size: 10pt;\">Fachleute wiederum ben\u00f6tigen immer h\u00e4ufiger Unterst\u00fctzung in ihrem beruflichen Kontext, um ihre berufliche Rolle zu reflektieren, den Umgang mit Klient*innen und Kund*innen zu verbessern oder berufliche Krisen zu meistern. In diesen und weiteren F\u00e4llen bieten wir Beratungen in Form von Supervisionen f\u00fcr Einzelpersonen, Arbeitsteams und Organisationen an.&nbsp;<\/span><\/p>\n<p><span style=\"font-family: arial, helvetica, sans-serif; font-size: 10pt;\">Mit Hilfe unseres breiten Beratungsangebots unterst\u00fctzen wir Menschen, die entweder einen Informationsbedarf haben oder sich in einer beruflichen oder pers\u00f6nlichen Lebenskrise befinden bzw. psychisch erkrankt sind und\/\u200boder Suchtprobleme haben. Unsere speziell ausgebildeten Berater*innen zeichnen sich durch Empathie, Respekt, Akzeptanz und Geduld aus. Dabei arbeiten wir mit den vorhandenen Ressourcen der ratsuchenden Personen und unterst\u00fctzen sie darin, ihre zum Teil verborgenen\u2026<\/span><\/p>\n<p style=\"text-align: center;\"><strong><span style=\"font-family: arial, helvetica, sans-serif; font-size: 10pt;\"><em><span style=\"color: #eba648; font-size: 12pt;\">\u2026Kompetenzen zu st\u00e4rken.<\/span><\/em><\/span><\/strong><\/p>\n<hr>\n<table class=\" alignleft\">\n<tbody>\n<tr>\n<td>\n<table class=\" alignleft\" style=\"height: 488px; width: 581px;\">\n<tbody>\n<tr style=\"height: 4px;\">\n<td style=\"width: 154px; height: 10px;\"><a href=\"https:\/\/www.vpst-laubach.de\/wp\/?page_id=4638\"><img loading=\"lazy\" decoding=\"async\" class=\"alignnone wp-image-7996 size-full\" src=\"https:\/\/www.vpst-laubach.de\/wp\/wp-content\/uploads\/2018\/11\/BZ-kl..jpg\" alt width=\"150\" height=\"100\"><\/a><\/td>\n<td style=\"width: 439px; height: 10px;\">\n<h3><a href=\"https:\/\/www.vpst-laubach.de\/wp\/?page_id=4638\">Beratungszentrum Laubach und Gr\u00fcnberg<\/a><\/h3>\n<p style=\"text-align: justify;\"><span style=\"font-family: arial, helvetica, sans-serif; font-size: 10pt;\">Wir sind Ansprechpartner f\u00fcr Menschen aller Altersgruppen, die in seelischen, sozialen oder famili\u00e4ren Problemsituationen Beratung und Hilfe suchen. Die Beratung ist kostenfrei, vertraulich <a href=\"https:\/\/www.vpst-laubach.de\/wp\/?page_id=4638\">mehr &gt;&gt;<\/a><\/span><\/p>\n<hr>\n<\/td>\n<\/tr>\n<tr style=\"height: 4px;\">\n<td style=\"width: 154px; height: 10px;\"><a href=\"https:\/\/www.vpst-laubach.de\/wp\/beratung-und-supervision-neu\/dienstleistung-beratung-therapie\/\"><img loading=\"lazy\" decoding=\"async\" class=\"alignnone wp-image-7232 size-full\" src=\"https:\/\/www.vpst-laubach.de\/wp\/wp-content\/uploads\/2018\/07\/DL-BeratungTherapie-klein2.jpg\" alt width=\"150\" height=\"100\"><\/a><\/td>\n<td style=\"width: 439px; height: 10px;\">\n<h3><a href=\"https:\/\/www.vpst-laubach.de\/wp\/beratung-und-supervision-neu\/dienstleistung-beratung-therapie\/\">Dienstleistung Beratung\/\u200b Therapie<\/a><\/h3>\n<div style=\"text-align: justify;\">\n<p><span style=\"font-family: arial, helvetica, sans-serif; font-size: 10pt;\">F\u00fcr soziale Einrichtungen und deren Tr\u00e4ger in den unterschiedlichen Arbeitsfeldern der sozialen Arbeit (Kinder- und Jungendhilfe, Behindertenhilfe, Suchthilfe, Sozialpsychiatrie, <a href=\"https:\/\/www.vpst-laubach.de\/wp\/beratung-und-supervision-neu\/dienstleistung-beratung-therapie\/\">mehr &gt;&gt;<\/a><br>\n<\/span><\/p>\n<\/div>\n<hr>\n<\/td>\n<\/tr>\n<tr style=\"height: 4px;\">\n<td style=\"width: 154px; height: 10px;\"><a href=\"https:\/\/www.vpst-laubach.de\/wp\/?page_id=6286\"><img loading=\"lazy\" decoding=\"async\" class=\"alignnone wp-image-10254 size-full\" src=\"https:\/\/www.vpst-laubach.de\/wp\/wp-content\/uploads\/2019\/07\/Supervision-kl..jpg\" alt width=\"150\" height=\"100\"><\/a><\/td>\n<td style=\"width: 439px; height: 10px;\">\n<h3><a href=\"https:\/\/www.vpst-laubach.de\/wp\/?page_id=6286\">Dienstleistung Supervision<\/a><\/h3>\n<p style=\"text-align: justify;\"><span style=\"font-size: 10pt; font-family: arial, helvetica, sans-serif;\">Seit 2009 bieten wir Supervisionen f\u00fcr Einzelpersonen, Arbeitsteams und Organisationen an, die komplexe berufliche Herausforderungen zu meistern haben und Unterst\u00fctzung <\/span><span style=\"font-family: arial, helvetica, sans-serif; font-size: 10pt;\"><a href=\"https:\/\/www.vpst-laubach.de\/wp\/?page_id=6286\">mehr &gt;&gt;<\/a><\/span><\/p>\n<hr>\n<\/td>\n<\/tr>\n<\/tbody>\n<\/table>\n<\/td>\n<\/tr>\n<\/tbody>\n<\/table>\n<p>&nbsp;<\/p>\n<\/div>","protected":false},"excerpt":{"rendered":"<!-- RS_MODULE_CODE_2.4.6 --><div id=\"readspeaker_button8819\" class=\"rs_skip rsbtn rs_preserve\"><a class=\"rsbtn_play\" title=\"Um den Text anzuh\u00f6ren, verwenden Sie bitte ReadSpeaker\" accesskey=\"L\" href=\"\/\/app-eu.readspeaker.com\/cgi-bin\/rsent?customerid=11662&amp;lang=de_de&amp;readid=rspeak_read_8819&amp;url=https%3A%2F%2Fwww.vpst-laubach.de%2Fwp%2Fwp-json%2Fwp%2Fv2%2Fpages%2F8819\">\n        <span class=\"rsbtn_left rsimg rspart\"><span class=\"rsbtn_text\"><span>Vorlesen<\/span><\/span><\/span>\n        <span class=\"rsbtn_right rsimg rsplay rspart\"><\/span>\n        <\/a><\/div><div id=\"rspeak_read_8819\"><p> \/\u200b\u200b Beratung und Supervision Beratung und Supervision Jeder Mensch unterzieht sich jeden Tag ganz unbewusst einer oder sogar mehreren Beratung\/\u200b\u200ben. Sei es beim Arzt, in der Apotheke oder ganz <a class=\"more-link\" href=\"https:\/\/www.vpst-laubach.de\/wp\/beratung-und-supervision\/\">weiterlesen \u2192<\/a><\/p>\n<\/div>","protected":false},"author":3,"featured_media":0,"parent":0,"menu_order":1,"comment_status":"closed","ping_status":"closed","template":"","meta":{"wp_typography_post_enhancements_disabled":false,"footnotes":""},"class_list":["post-8819","page","type-page","status-publish","hentry"],"_links":{"self":[{"href":"https:\/\/www.vpst-laubach.de\/wp\/wp-json\/wp\/v2\/pages\/8819","targetHints":{"allow":["GET"]}}],"collection":[{"href":"https:\/\/www.vpst-laubach.de\/wp\/wp-json\/wp\/v2\/pages"}],"about":[{"href":"https:\/\/www.vpst-laubach.de\/wp\/wp-json\/wp\/v2\/types\/page"}],"author":[{"embeddable":true,"href":"https:\/\/www.vpst-laubach.de\/wp\/wp-json\/wp\/v2\/users\/3"}],"replies":[{"embeddable":true,"href":"https:\/\/www.vpst-laubach.de\/wp\/wp-json\/wp\/v2\/comments?post=8819"}],"version-history":[{"count":37,"href":"https:\/\/www.vpst-laubach.de\/wp\/wp-json\/wp\/v2\/pages\/8819\/revisions"}],"predecessor-version":[{"id":15480,"href":"https:\/\/www.vpst-laubach.de\/wp\/wp-json\/wp\/v2\/pages\/8819\/revisions\/15480"}],"wp:attachment":[{"href":"https:\/\/www.vpst-laubach.de\/wp\/wp-json\/wp\/v2\/media?parent=8819"}],"curies":[{"name":"wp","href":"https:\/\/api.w.org\/{rel}","templated":true}]}}