{"id":84,"date":"2016-01-29T10:35:44","date_gmt":"2016-01-29T09:35:44","guid":{"rendered":"http:\/\/www.vpst-laubach.de\/wp\/?page_id=84"},"modified":"2022-10-20T10:35:51","modified_gmt":"2022-10-20T08:35:51","slug":"ergotherapeutisches-angebot","status":"publish","type":"page","link":"https:\/\/www.vpst-laubach.de\/wp\/alltag-und-beschaeftigung\/tagesstaette-laubach\/ergotherapeutisches-angebot\/","title":{"rendered":"Ergotherapeutisches Angebot"},"content":{"rendered":"<!-- RS_MODULE_CODE_2.4.6 --><div id=\"readspeaker_button84\" class=\"rs_skip rsbtn rs_preserve\"><a class=\"rsbtn_play\" title=\"Um den Text anzuh\u00f6ren, verwenden Sie bitte ReadSpeaker\" accesskey=\"L\" href=\"\/\/app-eu.readspeaker.com\/cgi-bin\/rsent?customerid=11662&amp;lang=de_de&amp;readid=rspeak_read_84&amp;url=https%3A%2F%2Fwww.vpst-laubach.de%2Fwp%2Fwp-json%2Fwp%2Fv2%2Fpages%2F84\">\n        <span class=\"rsbtn_left rsimg rspart\"><span class=\"rsbtn_text\"><span>Vorlesen<\/span><\/span><\/span>\n        <span class=\"rsbtn_right rsimg rsplay rspart\"><\/span>\n        <\/a><\/div><div id=\"rspeak_read_84\"><table style=\"width: 100%;\">\n<tbody>\n<tr>\n<td style=\"width: 25px;\"><div class=\"printomatic pom-small \" id=\"id9328\" data-print_target=\"article\"><\/div><\/td>\n<td style=\"width: 25px;\"><a href=\"https:\/\/www.vpst-laubach.de\/wp\/\"><img loading=\"lazy\" decoding=\"async\" class=\"alignnone wp-image-947\" src=\"https:\/\/www.vpst-laubach.de\/wp\/wp-content\/uploads\/2016\/02\/home.png\" width=\"19\" height=\"19\"><\/a><\/td>\n<td style=\"width: 25px;\"><img loading=\"lazy\" decoding=\"async\" class=\"alignnone wp-image-949\" src=\"https:\/\/www.vpst-laubach.de\/wp\/wp-content\/uploads\/2016\/02\/like.png\" width=\"19\" height=\"19\"><\/td>\n<td style=\"width: 76.6885%;\"><span style=\"font-family: arial, helvetica, sans-serif;\"><span style=\"font-size: 10pt;\"><a href=\"https:\/\/www.vpst-laubach.de\/wp\/alltag-und-beschaeftigung\/\">Alltag und Besch\u00e4ftigung<\/a> \/\u200b <a href=\"https:\/\/www.vpst-laubach.de\/wp\/alltag-und-beschaeftigung\/tagesstaette-laubach\/\">Tagesst\u00e4tte Laubach<\/a><\/span><\/span><span style=\"font-family: arial, helvetica, sans-serif; font-size: 10pt;\"> \/\u200b Ergotherapeutisches Angebot&nbsp;<\/span><\/td>\n<\/tr>\n<\/tbody>\n<\/table>\n<h1><span style=\"font-family: arial,helvetica,sans-serif;\">Ergotherapeutisches Angebot<\/span><\/h1>\n<p style=\"text-align: justify;\"><span style=\"font-family: arial, helvetica, sans-serif; font-size: 10pt;\"><img loading=\"lazy\" decoding=\"async\" class=\" wp-image-12968 alignleft\" src=\"https:\/\/www.vpst-laubach.de\/wp\/wp-content\/uploads\/2020\/09\/Ergotherapeutisches-Angebot.-png-300x225.png\" alt width=\"288\" height=\"216\" srcset=\"https:\/\/www.vpst-laubach.de\/wp\/wp-content\/uploads\/2020\/09\/Ergotherapeutisches-Angebot.-png-300x225.png 300w, https:\/\/www.vpst-laubach.de\/wp\/wp-content\/uploads\/2020\/09\/Ergotherapeutisches-Angebot.-png-1024x768.png 1024w, https:\/\/www.vpst-laubach.de\/wp\/wp-content\/uploads\/2020\/09\/Ergotherapeutisches-Angebot.-png-150x113.png 150w, https:\/\/www.vpst-laubach.de\/wp\/wp-content\/uploads\/2020\/09\/Ergotherapeutisches-Angebot.-png-1536x1152.png 1536w, https:\/\/www.vpst-laubach.de\/wp\/wp-content\/uploads\/2020\/09\/Ergotherapeutisches-Angebot.-png.png 1920w\" sizes=\"auto, (max-width: 288px) 100vw, 288px\">Unter Ergotherapie versteht man eine Therapieform, die sich mit der Ausf\u00fchrung konkreter Bet\u00e4tigungen und deren Auswirkungen auf den Menschen und dessen Gesundheit und Wohlbefinden befasst. <\/span><span style=\"font-family: arial, helvetica, sans-serif; font-size: 10pt;\">Wir unterst\u00fctzen und begleiten Menschen, die in ihrer Handlungsf\u00e4higkeit eingeschr\u00e4nkt oder von Einschr\u00e4nkungen bedroht sind. Ein selbstbestimmtes Handeln im Kontext der Inklusion\/\u200bTeilhabe soll erm\u00f6glicht werden. Hierzu konzentrieren wir uns vor allem auf&nbsp;die:<\/span><\/p>\n<p>&nbsp;<\/p>\n<ul style=\"text-align: justify;\">\n<li><span style=\"font-family: arial, helvetica, sans-serif; font-size: 10pt;\"><strong>F\u00f6rderung der K\u00f6rper-\u200b\/\u200bSelbstwahrnehmung<br>\n<\/strong><\/span><span style=\"font-family: arial, helvetica, sans-serif; font-size: 10pt;\">(Kennenlernen von Bed\u00fcrfnissen u. W\u00fcnschen, Entspannungstechniken, realit\u00e4tsbezogene Wahrnehmung, Selbstbild)<\/span><\/li>\n<li><span style=\"font-family: arial, helvetica, sans-serif; font-size: 10pt;\"><strong>St\u00e4rkung und Steigerung affektiver und emotionaler F\u00e4higkeiten<\/strong><br>\n<\/span><span style=\"font-family: arial, helvetica, sans-serif; font-size: 10pt;\">(Motivation, Umgang mit N\u00e4he-\u200bDistanz, Abbau von Angst und Anspannung, Entscheidungsf\u00e4higkeit, Frustrationstoleranz)<\/span><\/li>\n<li><span style=\"font-family: arial, helvetica, sans-serif; font-size: 10pt;\"><strong>Entwicklung und Erhalt sozialer F\u00e4higkeiten<\/strong><br>\n(Kontaktaufnahme, Kritikf\u00e4higkeit, Toleranz, Kommunikation, Reflexionsf\u00e4higkeit)<\/span><\/li>\n<li><span style=\"font-family: arial, helvetica, sans-serif; font-size: 10pt;\"><strong>F\u00f6rderung kognitiver F\u00e4higkeiten<\/strong><br>\n(Konzentration, Merkf\u00e4higkeit, Ged\u00e4chtnisleistung)<\/span><\/li>\n<\/ul>\n<p style=\"text-align: justify;\"><span style=\"font-family: arial, helvetica, sans-serif; font-size: 10pt;\">Unser Ziel ist es, durch den Einsatz individueller Methoden die wesentlichen und bedeutungsvollen Bet\u00e4tigungen unserer Klienten*innen in den Bereichen Selbstversorgung, Produktivit\u00e4t und Freizeit zu st\u00e4rken. Selbstverst\u00e4ndlich steht der ITP (Integrierter Teilhabeplan) mit der Zielplanung der Klienten*innen in unserer allt\u00e4glichen Arbeit im Vordergrund. Die gesellschaftliche Teilhabe und die Verbesserung der Lebensqualit\u00e4t sowie die Ziele unserer Klienten*innen haben f\u00fcr uns oberste Priorit\u00e4t.<\/span><\/p>\n<p style=\"text-align: justify;\"><span style=\"font-family: arial, helvetica, sans-serif; font-size: 10pt;\">Unser ergotherapeutisches Angebot wird in unseren R\u00e4umlichkeiten der Tagesst\u00e4tte Laubach (u. a. Kreativraum, Holzraum, Musikraum, Aufenthaltsraum und Multifunktionsraum) durchgef\u00fchrt. Hier haben wir die Option unsere vielf\u00e4ltigen Methoden und ergotherapeutischen M\u00f6glichkeiten einzusetzen.<\/span><\/p>\n<hr>\n<table class=\" alignleft\" style=\"width: 603px; height: 744px;\">\n<tbody>\n<tr>\n<td style=\"width: 613px;\">\n<table class=\" alignleft\" style=\"height: 722px; width: 581px;\">\n<tbody>\n<tr style=\"height: 4px;\">\n<td style=\"width: 154px; height: 10px;\"><a href=\"https:\/\/www.vpst-laubach.de\/wp\/alltag-und-beschaeftigung\/tagesstaette-laubach\/ergotherapeutisches-angebot\/unsere-methoden\/\"><img loading=\"lazy\" decoding=\"async\" class=\"alignnone wp-image-6719 size-full\" src=\"https:\/\/www.vpst-laubach.de\/wp\/wp-content\/uploads\/2018\/05\/Kreativ-klein.jpg\" alt width=\"150\" height=\"100\"><\/a><\/td>\n<td style=\"width: 439px; height: 10px; text-align: justify;\">\n<h3><a href=\"https:\/\/www.vpst-laubach.de\/wp\/alltag-und-beschaeftigung\/tagesstaette-laubach\/ergotherapeutisches-angebot\/unsere-methoden\/\">Ergotherapeutische Methoden,<br>\nMittel und Medien<\/a><\/h3>\n<p><span style=\"font-size: 10pt; font-family: arial, helvetica, sans-serif;\"><span style=\"font-size: 10pt; font-family: arial, helvetica, sans-serif;\">Da wir in unserer <a href=\"https:\/\/www.vpst-laubach.de\/wp\/alltag-und-beschaeftigung\/tagesstaette-laubach\/\">Tagesst\u00e4tte Laubach<\/a> ganzheitlich arbeiten<br>\nsind die Methoden nicht klar voneinander abzugrenzen. <a href=\"https:\/\/www.vpst-laubach.de\/wp\/alltag-und-beschaeftigung\/tagesstaette-laubach\/ergotherapeutisches-angebot\/unsere-methoden\/\">Mehr &gt;&gt;<\/a><\/span><\/span><span style=\"font-size: 10pt; font-family: arial, helvetica, sans-serif;\"><span style=\"font-size: 10pt; font-family: arial, helvetica, sans-serif;\">&nbsp;<\/span><\/span><\/p>\n<hr>\n<\/td>\n<\/tr>\n<tr style=\"height: 4px;\">\n<td style=\"width: 154px; height: 10px;\"><a href=\"https:\/\/www.vpst-laubach.de\/wp\/alltag-und-beschaeftigung\/tagesstaette-laubach\/aufnahmekriterien\/\"><img loading=\"lazy\" decoding=\"async\" class=\"alignnone wp-image-8459 size-full\" src=\"https:\/\/www.vpst-laubach.de\/wp\/wp-content\/uploads\/2019\/05\/Aufnahme-TS-klein-neu.jpg\" alt width=\"150\" height=\"100\"><\/a><\/td>\n<td style=\"width: 439px; height: 10px;\">\n<h3><strong><a href=\"https:\/\/www.vpst-laubach.de\/wp\/alltag-und-beschaeftigung\/tagesstaette-laubach\/aufnahmekriterien\/\">Aufnahmekriterien<br>\nf\u00fcr die Tagesst\u00e4tte Laubach<\/a><br>\n<\/strong><\/h3>\n<p style=\"text-align: justify;\"><span style=\"font-family: arial, helvetica, sans-serif; font-size: 10pt;\">Wer kann unsere Tagesst\u00e4tte besuchen? Welche Kriterien m\u00fcssen erf\u00fcllt werden? Hier erfahren Sie mehr dazu <a href=\"https:\/\/www.vpst-laubach.de\/wp\/alltag-und-beschaeftigung\/tagesstaette-laubach\/aufnahmekriterien\/\">&gt;&gt;<\/a><\/span><\/p>\n<hr>\n<\/td>\n<\/tr>\n<tr style=\"height: 4px;\">\n<td style=\"width: 154px; height: 10px;\"><a href=\"https:\/\/www.vpst-laubach.de\/wp\/so-erreichen-sie-uns\/kontakt-alltag-und-beschaeftigung-neu\/\"><img loading=\"lazy\" decoding=\"async\" class=\"alignnone wp-image-8779 size-full\" src=\"https:\/\/www.vpst-laubach.de\/wp\/wp-content\/uploads\/2019\/06\/Kontakt-Alltag-und-Besch\u00e4ftigung.jpg\" alt width=\"150\" height=\"100\"><\/a><\/td>\n<td style=\"width: 439px; height: 10px;\">\n<h3><a href=\"https:\/\/www.vpst-laubach.de\/wp\/so-erreichen-sie-uns\/kontakt-alltag-und-beschaeftigung-neu\/\">Kontakt \u201eAlltag und Besch\u00e4ftigung\u201c&nbsp;<\/a><\/h3>\n<p style=\"text-align: justify;\"><span style=\"font-family: arial, helvetica, sans-serif; font-size: 10pt;\">Hier gelangen Sie zu den Kontaktdaten<br>\nunseres Bereichs \u201eAlltag und Besch\u00e4ftigung\u201c.&nbsp;<\/span><span style=\"font-family: arial, helvetica, sans-serif; font-size: 10pt;\"><br>\n<a href=\"https:\/\/www.vpst-laubach.de\/wp\/so-erreichen-sie-uns\/kontakt-alltag-und-beschaeftigung-neu\/\">Mehr &gt;&gt;<\/a><\/span><\/p>\n<hr>\n<\/td>\n<\/tr>\n<\/tbody>\n<\/table>\n<\/td>\n<\/tr>\n<\/tbody>\n<\/table>\n<p>&nbsp;<\/p>\n<p>&nbsp;<\/p>\n<p>&nbsp;<\/p>\n<p>&nbsp;<\/p>\n<p>&nbsp;<\/p>\n<p>&nbsp;<\/p>\n<p>&nbsp;<\/p>\n<p>&nbsp;<\/p>\n<p>&nbsp;<\/p>\n<p>&nbsp;<\/p>\n<p>&nbsp;<\/p>\n<p>&nbsp;<\/p>\n<p>&nbsp;<\/p>\n<p>&nbsp;<\/p>\n<p>&nbsp;<\/p>\n<p>&nbsp;<\/p>\n<p>&nbsp;<\/p>\n<p>&nbsp;<\/p>\n<p>&nbsp;<\/p>\n<\/div>","protected":false},"excerpt":{"rendered":"<!-- RS_MODULE_CODE_2.4.6 --><div id=\"readspeaker_button84\" class=\"rs_skip rsbtn rs_preserve\"><a class=\"rsbtn_play\" title=\"Um den Text anzuh\u00f6ren, verwenden Sie bitte ReadSpeaker\" accesskey=\"L\" href=\"\/\/app-eu.readspeaker.com\/cgi-bin\/rsent?customerid=11662&amp;lang=de_de&amp;readid=rspeak_read_84&amp;url=https%3A%2F%2Fwww.vpst-laubach.de%2Fwp%2Fwp-json%2Fwp%2Fv2%2Fpages%2F84\">\n        <span class=\"rsbtn_left rsimg rspart\"><span class=\"rsbtn_text\"><span>Vorlesen<\/span><\/span><\/span>\n        <span class=\"rsbtn_right rsimg rsplay rspart\"><\/span>\n        <\/a><\/div><div id=\"rspeak_read_84\"><p> Alltag und Besch\u00e4ftigung \/\u200b\u200b Tagesst\u00e4tte Laubach \/\u200b\u200b Ergotherapeutisches Angebot&nbsp; Ergotherapeutisches Angebot Unter Ergotherapie versteht man eine Therapieform, die sich mit der Ausf\u00fchrung konkreter Bet\u00e4tigungen und deren Auswirkungen auf den <a class=\"more-link\" href=\"https:\/\/www.vpst-laubach.de\/wp\/alltag-und-beschaeftigung\/tagesstaette-laubach\/ergotherapeutisches-angebot\/\">weiterlesen \u2192<\/a><\/p>\n<\/div>","protected":false},"author":1,"featured_media":0,"parent":74,"menu_order":1,"comment_status":"closed","ping_status":"closed","template":"","meta":{"wp_typography_post_enhancements_disabled":false,"footnotes":""},"class_list":["post-84","page","type-page","status-publish","hentry"],"_links":{"self":[{"href":"https:\/\/www.vpst-laubach.de\/wp\/wp-json\/wp\/v2\/pages\/84","targetHints":{"allow":["GET"]}}],"collection":[{"href":"https:\/\/www.vpst-laubach.de\/wp\/wp-json\/wp\/v2\/pages"}],"about":[{"href":"https:\/\/www.vpst-laubach.de\/wp\/wp-json\/wp\/v2\/types\/page"}],"author":[{"embeddable":true,"href":"https:\/\/www.vpst-laubach.de\/wp\/wp-json\/wp\/v2\/users\/1"}],"replies":[{"embeddable":true,"href":"https:\/\/www.vpst-laubach.de\/wp\/wp-json\/wp\/v2\/comments?post=84"}],"version-history":[{"count":104,"href":"https:\/\/www.vpst-laubach.de\/wp\/wp-json\/wp\/v2\/pages\/84\/revisions"}],"predecessor-version":[{"id":14331,"href":"https:\/\/www.vpst-laubach.de\/wp\/wp-json\/wp\/v2\/pages\/84\/revisions\/14331"}],"up":[{"embeddable":true,"href":"https:\/\/www.vpst-laubach.de\/wp\/wp-json\/wp\/v2\/pages\/74"}],"wp:attachment":[{"href":"https:\/\/www.vpst-laubach.de\/wp\/wp-json\/wp\/v2\/media?parent=84"}],"curies":[{"name":"wp","href":"https:\/\/api.w.org\/{rel}","templated":true}]}}