{"id":7871,"date":"2018-10-19T07:51:59","date_gmt":"2018-10-19T05:51:59","guid":{"rendered":"http:\/\/www.vpst-laubach.de\/wp\/?page_id=7871"},"modified":"2023-02-24T11:41:42","modified_gmt":"2023-02-24T10:41:42","slug":"wohnung","status":"publish","type":"page","link":"https:\/\/www.vpst-laubach.de\/wp\/wohnen\/bewo-dienstleistungen\/bewo-dienstleistung-unsere-leistungen\/wohnung\/","title":{"rendered":"Wohnung"},"content":{"rendered":"<!-- RS_MODULE_CODE_2.4.6 --><div id=\"readspeaker_button7871\" class=\"rs_skip rsbtn rs_preserve\"><a class=\"rsbtn_play\" title=\"Um den Text anzuh\u00f6ren, verwenden Sie bitte ReadSpeaker\" accesskey=\"L\" href=\"\/\/app-eu.readspeaker.com\/cgi-bin\/rsent?customerid=11662&amp;lang=de_de&amp;readid=rspeak_read_7871&amp;url=https%3A%2F%2Fwww.vpst-laubach.de%2Fwp%2Fwp-json%2Fwp%2Fv2%2Fpages%2F7871\">\n        <span class=\"rsbtn_left rsimg rspart\"><span class=\"rsbtn_text\"><span>Vorlesen<\/span><\/span><\/span>\n        <span class=\"rsbtn_right rsimg rsplay rspart\"><\/span>\n        <\/a><\/div><div id=\"rspeak_read_7871\"><table style=\"border-collapse: collapse; width: 100%;\">\n<tbody>\n<tr>\n<td style=\"width: 25px; height: 25px;\"><div class=\"printomatic pom-small \" id=\"id9918\" data-print_target=\"article\"><\/div><\/td>\n<td style=\"width: 25px; height: 25px;\"><img loading=\"lazy\" decoding=\"async\" class=\"alignnone wp-image-947\" src=\"https:\/\/www.vpst-laubach.de\/wp\/wp-content\/uploads\/2016\/02\/home.png\" alt width=\"19\" height=\"19\"><\/td>\n<td style=\"width: 25px; height: 25px;\"><img loading=\"lazy\" decoding=\"async\" class=\"alignnone wp-image-949\" src=\"https:\/\/www.vpst-laubach.de\/wp\/wp-content\/uploads\/2016\/02\/like.png\" alt width=\"19\" height=\"19\"><\/td>\n<td style=\"width: 83.2329%;\"><span style=\"font-family: arial, helvetica, sans-serif; font-size: 10pt;\">\/\u200b <a href=\"https:\/\/www.vpst-laubach.de\/wp\/?page_id=61\">Wohnen<\/a> \/\u200b <a href=\"https:\/\/www.vpst-laubach.de\/wp\/wohnen\/bewo-dienstleistungen\/bewo-dienstleistung-unsere-leistungen\/\">Unsere Leistungen<\/a> <\/span><span style=\"font-family: arial, helvetica, sans-serif; font-size: 10pt;\">\/\u200b Wohnung<\/span><\/td>\n<\/tr>\n<\/tbody>\n<\/table>\n<h1>Wohnung<\/h1>\n<p style=\"text-align: justify;\"><span style=\"font-family: arial, helvetica, sans-serif; font-size: 10pt;\"><img loading=\"lazy\" decoding=\"async\" class=\"size-medium wp-image-7875 alignleft\" src=\"https:\/\/www.vpst-laubach.de\/wp\/wp-content\/uploads\/2018\/10\/Wohnung-gro\u00df-300x188.jpg\" alt width=\"300\" height=\"188\" srcset=\"https:\/\/www.vpst-laubach.de\/wp\/wp-content\/uploads\/2018\/10\/Wohnung-gro\u00df-300x188.jpg 300w, https:\/\/www.vpst-laubach.de\/wp\/wp-content\/uploads\/2018\/10\/Wohnung-gro\u00df-150x94.jpg 150w, https:\/\/www.vpst-laubach.de\/wp\/wp-content\/uploads\/2018\/10\/Wohnung-gro\u00df.jpg 320w\" sizes=\"auto, (max-width: 300px) 100vw, 300px\"> Die eigene Wohnung ist die Ausgangsbasis f\u00fcr Lebensqualit\u00e4t und Normalit\u00e4t, die es uns u. a. erm\u00f6glicht, wieder am gesellschaftlichen Leben teilhaben zu k\u00f6nnen. Jedoch ist die Umsetzung oft sehr schwierig und erscheint nahezu unm\u00f6glich. Aufgaben wie z. B. Wohnraumgestaltung und Erhalt, Nebenkostenabrechnungen, Wohnungsaufl\u00f6sung, Umzug, Ummeldung, Mietvertragsabschluss oder Auseinandersetzungen mit dem Vermieter erscheinen oft als riesige H\u00fcrden. Aus Gr\u00fcnden der \u00dcberforderung oder auch Scham ist man nicht mehr in der Lage, diese allt\u00e4glichen Dinge zu bew\u00e4ltigen oder sogar um Hilfe zu bitten. Unsere Aufgabe ist es hier<\/span><span style=\"font-family: arial, helvetica, sans-serif; font-size: 10pt;\"> die betroffenen Personen zu beraten und schrittweise bei der L\u00f6sung dieser Probleme zu begleiten und zu unterst\u00fctzen.&nbsp; <\/span><span style=\"font-family: arial, helvetica, sans-serif; font-size: 10pt;\">Sprechen Sie uns&nbsp;an.<\/span><\/p>\n<hr>\n<p><img loading=\"lazy\" decoding=\"async\" class=\"size-full wp-image-7476 alignleft\" src=\"https:\/\/www.vpst-laubach.de\/wp\/wp-content\/uploads\/2018\/07\/trennline_neu.jpg\" alt width=\"780\" height=\"80\" srcset=\"https:\/\/www.vpst-laubach.de\/wp\/wp-content\/uploads\/2018\/07\/trennline_neu.jpg 780w, https:\/\/www.vpst-laubach.de\/wp\/wp-content\/uploads\/2018\/07\/trennline_neu-150x15.jpg 150w, https:\/\/www.vpst-laubach.de\/wp\/wp-content\/uploads\/2018\/07\/trennline_neu-300x31.jpg 300w, https:\/\/www.vpst-laubach.de\/wp\/wp-content\/uploads\/2018\/07\/trennline_neu-500x51.jpg 500w\" sizes=\"auto, (max-width: 780px) 100vw, 780px\"><\/p>\n<table class=\" alignleft\">\n<tbody>\n<tr>\n<td>\n<table style=\"height: 60px; width: 581px;\">\n<tbody>\n<tr style=\"height: 4px;\">\n<td style=\"width: 154px; height: 10px;\"><a href=\"https:\/\/www.vpst-laubach.de\/wp\/wohnen\/bewo-dienstleistungen\/bewo-dienstleistung-unsere-leistungen\/haushaltsfuehrung\/\"><img loading=\"lazy\" decoding=\"async\" class=\"alignnone wp-image-6946 size-full\" src=\"https:\/\/www.vpst-laubach.de\/wp\/wp-content\/uploads\/2018\/06\/Haushalt-klein-e1539937256844.jpg\" alt width=\"150\" height=\"100\"><\/a><\/td>\n<td style=\"width: 439px; height: 10px;\">\n<h3><a href=\"https:\/\/www.vpst-laubach.de\/wp\/wohnen\/bewo-dienstleistungen\/bewo-dienstleistung-unsere-leistungen\/haushaltsfuehrung\/\">Haushaltsf\u00fchrung<\/a><\/h3>\n<p style=\"text-align: justify;\"><span style=\"font-size: 10pt; font-family: arial, helvetica, sans-serif;\">Die Reinigung der Wohnung wird vernachl\u00e4ssigt oder nicht mehr ausgef\u00fchrt, der Einkauf kann nicht oder nur bedingt selbst\u00e4ndig get\u00e4tigt werden und der M\u00fcll wird zu einem Problem. <a href=\"https:\/\/www.vpst-laubach.de\/wp\/wohnen\/bewo-dienstleistungen\/bewo-dienstleistung-unsere-leistungen\/haushaltsfuehrung\/\">mehr &gt;&gt;<\/a><\/span><\/p>\n<hr>\n<\/td>\n<\/tr>\n<tr style=\"height: 4px;\">\n<td style=\"width: 154px; height: 10px;\"><a href=\"https:\/\/www.vpst-laubach.de\/wp\/wohnen\/bewo-dienstleistungen\/bewo-dienstleistung-unsere-leistungen\/umgang-mit-behoerden-aemtern-etc\/\"><img loading=\"lazy\" decoding=\"async\" class=\"alignnone wp-image-6950 size-full\" src=\"https:\/\/www.vpst-laubach.de\/wp\/wp-content\/uploads\/2018\/06\/Beh\u00f6rden-klein.jpg\" alt width=\"150\" height=\"100\"><\/a><\/td>\n<td style=\"width: 439px; height: 10px;\">\n<h3><a href=\"https:\/\/www.vpst-laubach.de\/wp\/wohnen\/bewo-dienstleistungen\/bewo-dienstleistung-unsere-leistungen\/umgang-mit-behoerden-aemtern-etc\/\">Umgang mit Beh\u00f6rden, \u00c4mtern etc.<\/a><\/h3>\n<p style=\"text-align: justify;\"><span style=\"font-family: arial, helvetica, sans-serif; font-size: 10pt;\">Der Inhalt beh\u00f6rdlicher Postzug\u00e4nge wird nicht verstanden oder das \u00d6ffnen der Post wird seit geraumer Zeit erst gar nicht vorgenommen. Mahnungen und Rechnungen flattern ins Haus und <a href=\"https:\/\/www.vpst-laubach.de\/wp\/wohnen\/bewo-dienstleistungen\/bewo-dienstleistung-unsere-leistungen\/umgang-mit-behoerden-aemtern-etc\/\">mehr&gt;&gt;<\/a><\/span><\/p>\n<hr>\n<\/td>\n<\/tr>\n<tr style=\"height: 4px;\">\n<td style=\"width: 154px; height: 10px;\">\n<h1 id=\"firstHeading\" class=\"firstHeading\" lang=\"de\"><a href=\"https:\/\/www.vpst-laubach.de\/wp\/wohnen\/bewo-dienstleistungen\/bewo-dienstleistung-unsere-leistungen\/vermittlung-von-medizinisch-therapeutischen-hilfen\/\"><img loading=\"lazy\" decoding=\"async\" class=\"alignnone wp-image-5130 size-full\" src=\"https:\/\/www.vpst-laubach.de\/wp\/wp-content\/uploads\/2017\/06\/VPST-klein-1.jpg\" alt width=\"150\" height=\"100\"><\/a><\/h1>\n<\/td>\n<td style=\"text-align: justify; width: 439px; height: 10px;\">\n<h3><a href=\"https:\/\/www.vpst-laubach.de\/wp\/wohnen\/bewo-dienstleistungen\/bewo-dienstleistung-unsere-leistungen\/vermittlung-von-medizinisch-therapeutischen-hilfen\/\">Vermittlung<br>\nvon medizinisch\/\u200b therapeutischen Hilfen<\/a><\/h3>\n<p><span style=\"font-family: arial, helvetica, sans-serif; font-size: 10pt;\">Eine sinnvolle medizinische und therapeutische Versorgung ist eine wesentliche Grundlage um aktiver und <a href=\"https:\/\/www.vpst-laubach.de\/wp\/wohnen\/bewo-dienstleistungen\/bewo-dienstleistung-unsere-leistungen\/vermittlung-von-medizinisch-therapeutischen-hilfen\/\">mehr&gt;&gt;<\/a><\/span><\/p>\n<hr>\n<\/td>\n<\/tr>\n<tr style=\"height: 4px;\">\n<td style=\"width: 154px; height: 10px;\">\n<h1 id=\"firstHeading\" class=\"firstHeading\" lang=\"de\"><a href=\"https:\/\/www.vpst-laubach.de\/wp\/wohnen\/bewo-dienstleistungen\/bewo-dienstleistung-unsere-leistungen\/entwicklung-von-zukunftsperspektiven\/\"><img loading=\"lazy\" decoding=\"async\" class=\"alignnone wp-image-5130 size-full\" src=\"https:\/\/www.vpst-laubach.de\/wp\/wp-content\/uploads\/2017\/06\/VPST-klein-1.jpg\" alt width=\"150\" height=\"100\"><\/a><\/h1>\n<\/td>\n<td style=\"width: 439px; height: 10px;\">\n<h3><a href=\"https:\/\/www.vpst-laubach.de\/wp\/wohnen\/bewo-dienstleistungen\/bewo-dienstleistung-unsere-leistungen\/entwicklung-von-zukunftsperspektiven\/\">Entwicklung von Zukunftsperspektiven<\/a><\/h3>\n<p style=\"text-align: justify;\"><span style=\"font-family: arial, helvetica, sans-serif; font-size: 10pt;\">Unsere Klient*innen befinden sich oft in einer Situation, in der sie nicht mehr wissen wie es weitergehen soll. Sie wollen eine berufliche Perspektive entwickeln, <a href=\"https:\/\/www.vpst-laubach.de\/wp\/wohnen\/bewo-dienstleistungen\/bewo-dienstleistung-unsere-leistungen\/entwicklung-von-zukunftsperspektiven\/\">mehr &gt;&gt;<\/a><\/span><\/p>\n<hr>\n<\/td>\n<\/tr>\n<tr style=\"height: 4px;\">\n<td style=\"width: 154px; height: 10px;\"><a href=\"https:\/\/www.vpst-laubach.de\/wp\/wohnen\/bewo-dienstleistungen\/bewo-dienstleistung-unsere-leistungen\/freizeitgestaltung\/\"><img loading=\"lazy\" decoding=\"async\" class=\"alignnone wp-image-6957 size-full\" src=\"https:\/\/www.vpst-laubach.de\/wp\/wp-content\/uploads\/2018\/06\/freizeit-klein.jpg\" alt width=\"150\" height=\"100\"><\/a><\/td>\n<td style=\"width: 439px; height: 10px;\">\n<h3><a href=\"https:\/\/www.vpst-laubach.de\/wp\/wohnen\/bewo-dienstleistungen\/bewo-dienstleistung-unsere-leistungen\/freizeitgestaltung\/\">Freizeitgestaltung<\/a><\/h3>\n<p style=\"text-align: justify;\"><span style=\"font-size: 10pt; font-family: arial, helvetica, sans-serif;\">H\u00e4ufig wissen unsere Klient*innen mit sich und ihrer Freizeit nichts anzufangen. Sie m\u00f6chten ihre freie Zeit wieder aktiver gestalten, wissen aber nicht wie. <a href=\"https:\/\/www.vpst-laubach.de\/wp\/wohnen\/bewo-dienstleistungen\/bewo-dienstleistung-unsere-leistungen\/freizeitgestaltung\/\">mehr&gt;&gt;<\/a><\/span><\/p>\n<hr>\n<\/td>\n<\/tr>\n<tr style=\"height: 4px;\">\n<td style=\"width: 154px; height: 10px;\"><a href=\"https:\/\/www.vpst-laubach.de\/wp\/wohnen\/bewo-dienstleistungen\/bewo-dienstleistung-unsere-leistungen\/soziale-kontakte\/\"><img loading=\"lazy\" decoding=\"async\" class=\"alignnone wp-image-7942 size-full\" src=\"https:\/\/www.vpst-laubach.de\/wp\/wp-content\/uploads\/2018\/10\/Soziale-Kontakte-klein.jpg\" alt width=\"150\" height=\"100\"><\/a><\/td>\n<td style=\"width: 439px; height: 10px;\">\n<h3><a href=\"https:\/\/www.vpst-laubach.de\/wp\/wohnen\/bewo-dienstleistungen\/bewo-dienstleistung-unsere-leistungen\/soziale-kontakte\/\">Soziale Kontakt<\/a><\/h3>\n<div>\n<p><span style=\"font-family: arial, helvetica, sans-serif; font-size: 10pt;\">Unsere Klient*innen f\u00fchlen sich oft einsam, isoliert und wissen nicht wie sie Anschluss bekommen k\u00f6nnen. Sie brauchen jemanden, der mit ihnen gemeinsam gangbare Wege erarbeitet. <\/span><span style=\"font-family: arial, helvetica, sans-serif; font-size: 10pt;\"><span style=\"font-family: arial, helvetica, sans-serif; font-size: 10pt;\"><a href=\"https:\/\/www.vpst-laubach.de\/wp\/wohnen\/bewo-dienstleistungen\/bewo-dienstleistung-unsere-leistungen\/soziale-kontakte\/\">mehr &gt;&gt;<\/a><br>\n<\/span><\/span><\/p>\n<hr>\n<\/div>\n<\/td>\n<\/tr>\n<\/tbody>\n<\/table>\n<\/td>\n<\/tr>\n<\/tbody>\n<\/table>\n<\/div>","protected":false},"excerpt":{"rendered":"<!-- RS_MODULE_CODE_2.4.6 --><div id=\"readspeaker_button7871\" class=\"rs_skip rsbtn rs_preserve\"><a class=\"rsbtn_play\" title=\"Um den Text anzuh\u00f6ren, verwenden Sie bitte ReadSpeaker\" accesskey=\"L\" href=\"\/\/app-eu.readspeaker.com\/cgi-bin\/rsent?customerid=11662&amp;lang=de_de&amp;readid=rspeak_read_7871&amp;url=https%3A%2F%2Fwww.vpst-laubach.de%2Fwp%2Fwp-json%2Fwp%2Fv2%2Fpages%2F7871\">\n        <span class=\"rsbtn_left rsimg rspart\"><span class=\"rsbtn_text\"><span>Vorlesen<\/span><\/span><\/span>\n        <span class=\"rsbtn_right rsimg rsplay rspart\"><\/span>\n        <\/a><\/div><div id=\"rspeak_read_7871\"><p> \/\u200b\u200b Wohnen \/\u200b\u200b Unsere Leistungen \/\u200b\u200b Wohnung Wohnung Die eigene Wohnung ist die Ausgangsbasis f\u00fcr Lebensqualit\u00e4t und Normalit\u00e4t, die es uns u. a. erm\u00f6glicht, wieder am gesellschaftlichen Leben teilhaben <a class=\"more-link\" href=\"https:\/\/www.vpst-laubach.de\/wp\/wohnen\/bewo-dienstleistungen\/bewo-dienstleistung-unsere-leistungen\/wohnung\/\">weiterlesen \u2192<\/a><\/p>\n<\/div>","protected":false},"author":3,"featured_media":0,"parent":4576,"menu_order":1,"comment_status":"closed","ping_status":"closed","template":"","meta":{"wp_typography_post_enhancements_disabled":false,"footnotes":""},"class_list":["post-7871","page","type-page","status-publish","hentry"],"_links":{"self":[{"href":"https:\/\/www.vpst-laubach.de\/wp\/wp-json\/wp\/v2\/pages\/7871","targetHints":{"allow":["GET"]}}],"collection":[{"href":"https:\/\/www.vpst-laubach.de\/wp\/wp-json\/wp\/v2\/pages"}],"about":[{"href":"https:\/\/www.vpst-laubach.de\/wp\/wp-json\/wp\/v2\/types\/page"}],"author":[{"embeddable":true,"href":"https:\/\/www.vpst-laubach.de\/wp\/wp-json\/wp\/v2\/users\/3"}],"replies":[{"embeddable":true,"href":"https:\/\/www.vpst-laubach.de\/wp\/wp-json\/wp\/v2\/comments?post=7871"}],"version-history":[{"count":51,"href":"https:\/\/www.vpst-laubach.de\/wp\/wp-json\/wp\/v2\/pages\/7871\/revisions"}],"predecessor-version":[{"id":14603,"href":"https:\/\/www.vpst-laubach.de\/wp\/wp-json\/wp\/v2\/pages\/7871\/revisions\/14603"}],"up":[{"embeddable":true,"href":"https:\/\/www.vpst-laubach.de\/wp\/wp-json\/wp\/v2\/pages\/4576"}],"wp:attachment":[{"href":"https:\/\/www.vpst-laubach.de\/wp\/wp-json\/wp\/v2\/media?parent=7871"}],"curies":[{"name":"wp","href":"https:\/\/api.w.org\/{rel}","templated":true}]}}