{"id":39,"date":"2016-01-26T15:28:29","date_gmt":"2016-01-26T14:28:29","guid":{"rendered":"http:\/\/www.vpst-laubach.de\/wp\/?page_id=39"},"modified":"2023-05-23T13:38:54","modified_gmt":"2023-05-23T11:38:54","slug":"zeitreise","status":"publish","type":"page","link":"https:\/\/www.vpst-laubach.de\/wp\/zahlen-daten-fakten\/zeitreise\/","title":{"rendered":"Zeitreise"},"content":{"rendered":"<!-- RS_MODULE_CODE_2.4.6 --><div id=\"readspeaker_button39\" class=\"rs_skip rsbtn rs_preserve\"><a class=\"rsbtn_play\" title=\"Um den Text anzuh\u00f6ren, verwenden Sie bitte ReadSpeaker\" accesskey=\"L\" href=\"\/\/app-eu.readspeaker.com\/cgi-bin\/rsent?customerid=11662&amp;lang=de_de&amp;readid=rspeak_read_39&amp;url=https%3A%2F%2Fwww.vpst-laubach.de%2Fwp%2Fwp-json%2Fwp%2Fv2%2Fpages%2F39\">\n        <span class=\"rsbtn_left rsimg rspart\"><span class=\"rsbtn_text\"><span>Vorlesen<\/span><\/span><\/span>\n        <span class=\"rsbtn_right rsimg rsplay rspart\"><\/span>\n        <\/a><\/div><div id=\"rspeak_read_39\"><table style=\"width: 100%;\">\n<tbody>\n<tr style=\"height: 25px;\">\n<td style=\"width: 20px; height: 20px;\"><div class=\"printomatic pom-small \" id=\"id1096\" data-print_target=\"article\"><\/div><\/td>\n<td style=\"width: 20px; height: 20px;\"><a href=\"https:\/\/www.vpst-laubach.de\/wp\"><img loading=\"lazy\" decoding=\"async\" class=\"alignnone wp-image-947\" src=\"https:\/\/www.vpst-laubach.de\/wp\/wp-content\/uploads\/2016\/02\/home.png\" alt width=\"19\" height=\"19\"><\/a><\/td>\n<td style=\"width: 20px; height: 20px;\"><img loading=\"lazy\" decoding=\"async\" class=\"wp-image-949 alignnone\" src=\"https:\/\/www.vpst-laubach.de\/wp\/wp-content\/uploads\/2016\/02\/like.png\" width=\"19\" height=\"19\"><\/td>\n<td style=\"width: 71.3856%; height: 25px;\"><span style=\"font-family: arial,helvetica,sans-serif; font-size: 10pt;\">\/\u200b \u00dcber uns \/\u200b <a href=\"https:\/\/www.vpst-laubach.de\/wp\/ueber-uns\/der-vpst\/\">Der VPsT<\/a> \/\u200b Zeitreise<br>\n<\/span><\/td>\n<\/tr>\n<\/tbody>\n<\/table>\n<h1><span style=\"color: #4e82be;\">Zeitreise<\/span><span style=\"font-family: arial,helvetica,sans-serif; font-size: 24pt; color: #3366ff;\"><br>\n<\/span><\/h1>\n<p><img loading=\"lazy\" decoding=\"async\" class=\"size-medium wp-image-3632 alignleft\" src=\"https:\/\/www.vpst-laubach.de\/wp\/wp-content\/uploads\/2016\/01\/Zeitreise-gro\u00df-300x200.jpg\" alt width=\"300\" height=\"200\" srcset=\"https:\/\/www.vpst-laubach.de\/wp\/wp-content\/uploads\/2016\/01\/Zeitreise-gro\u00df-300x200.jpg 300w, https:\/\/www.vpst-laubach.de\/wp\/wp-content\/uploads\/2016\/01\/Zeitreise-gro\u00df-150x100.jpg 150w, https:\/\/www.vpst-laubach.de\/wp\/wp-content\/uploads\/2016\/01\/Zeitreise-gro\u00df.jpg 339w\" sizes=\"auto, (max-width: 300px) 100vw, 300px\"><span style=\"font-family: arial,helvetica,sans-serif; font-size: 10pt;\">.<\/span><\/p>\n<p>&nbsp;<\/p>\n<p>&nbsp;<\/p>\n<p>&nbsp;<\/p>\n<table style=\"width: 581px; border-collapse: collapse;\">\n<tbody>\n<tr>\n<td style=\"width: 100%;\"><strong>1981 &nbsp; <\/strong>Gr\u00fcndung des Vereins f\u00fcr Psychosoziale Therapie (VPsT) e.V. und \u00dcbernahme der Tr\u00e4gerschaft der im Jahre 1979 gegr\u00fcndeten Psychosozialen Kontakt- und Beratungsstelle (PSKB) in Laubach.\n<hr>\n<\/td>\n<\/tr>\n<tr>\n<td style=\"width: 100%;\"><strong>1990<\/strong>&nbsp;&nbsp; Einrichtung der Jugend- und Drogenberatungsstelle Gr\u00fcnberg\n<hr>\n<\/td>\n<\/tr>\n<tr>\n<td style=\"width: 100%;\"><strong>1997<\/strong>&nbsp;&nbsp; Fusion der Jugend- und Drogenberatung mit der PSKB zum Beratungszentrum Laubach und Gr\u00fcnberg\n<hr>\n<\/td>\n<\/tr>\n<tr>\n<td style=\"width: 581px;\"><strong>2000<\/strong>&nbsp;&nbsp; Gr\u00fcndung der Tagesst\u00e4tte Laubach\n<hr>\n<\/td>\n<\/tr>\n<tr>\n<td style=\"width: 100%;\"><strong>2002&nbsp;<\/strong>&nbsp; Gr\u00fcndung des Betreuten Wohnens Laubach\n<hr>\n<\/td>\n<\/tr>\n<tr>\n<td style=\"width: 100%;\"><strong>2009 <\/strong>&nbsp; Gr\u00fcndung des Angebots \u201eSupervision\u201c\n<hr>\n<\/td>\n<\/tr>\n<tr>\n<td style=\"width: 100%;\"><strong>2015<\/strong>&nbsp;&nbsp; Gr\u00fcndung einer Tagesgruppe f\u00fcr Jugendliche\n<hr>\n<\/td>\n<\/tr>\n<tr>\n<td style=\"width: 100%;\"><strong>2016<\/strong>&nbsp; Gr\u00fcndung der Ambulanten Eingliederungshilfe\n<hr>\n<\/td>\n<\/tr>\n<\/tbody>\n<\/table>\n<\/div>","protected":false},"excerpt":{"rendered":"<!-- RS_MODULE_CODE_2.4.6 --><div id=\"readspeaker_button39\" class=\"rs_skip rsbtn rs_preserve\"><a class=\"rsbtn_play\" title=\"Um den Text anzuh\u00f6ren, verwenden Sie bitte ReadSpeaker\" accesskey=\"L\" href=\"\/\/app-eu.readspeaker.com\/cgi-bin\/rsent?customerid=11662&amp;lang=de_de&amp;readid=rspeak_read_39&amp;url=https%3A%2F%2Fwww.vpst-laubach.de%2Fwp%2Fwp-json%2Fwp%2Fv2%2Fpages%2F39\">\n        <span class=\"rsbtn_left rsimg rspart\"><span class=\"rsbtn_text\"><span>Vorlesen<\/span><\/span><\/span>\n        <span class=\"rsbtn_right rsimg rsplay rspart\"><\/span>\n        <\/a><\/div><div id=\"rspeak_read_39\"><p> \/\u200b\u200b \u00dcber uns \/\u200b\u200b Der VPsT \/\u200b\u200b Zeitreise Zeitreise . &nbsp; &nbsp; &nbsp; 1981 &nbsp; Gr\u00fcndung des Vereins f\u00fcr Psychosoziale Therapie (VPsT) e.V. und \u00dcbernahme der Tr\u00e4gerschaft der im <a class=\"more-link\" href=\"https:\/\/www.vpst-laubach.de\/wp\/zahlen-daten-fakten\/zeitreise\/\">weiterlesen \u2192<\/a><\/p>\n<\/div>","protected":false},"author":1,"featured_media":0,"parent":1961,"menu_order":2,"comment_status":"closed","ping_status":"closed","template":"","meta":{"wp_typography_post_enhancements_disabled":false,"footnotes":""},"class_list":["post-39","page","type-page","status-publish","hentry"],"_links":{"self":[{"href":"https:\/\/www.vpst-laubach.de\/wp\/wp-json\/wp\/v2\/pages\/39","targetHints":{"allow":["GET"]}}],"collection":[{"href":"https:\/\/www.vpst-laubach.de\/wp\/wp-json\/wp\/v2\/pages"}],"about":[{"href":"https:\/\/www.vpst-laubach.de\/wp\/wp-json\/wp\/v2\/types\/page"}],"author":[{"embeddable":true,"href":"https:\/\/www.vpst-laubach.de\/wp\/wp-json\/wp\/v2\/users\/1"}],"replies":[{"embeddable":true,"href":"https:\/\/www.vpst-laubach.de\/wp\/wp-json\/wp\/v2\/comments?post=39"}],"version-history":[{"count":67,"href":"https:\/\/www.vpst-laubach.de\/wp\/wp-json\/wp\/v2\/pages\/39\/revisions"}],"predecessor-version":[{"id":14800,"href":"https:\/\/www.vpst-laubach.de\/wp\/wp-json\/wp\/v2\/pages\/39\/revisions\/14800"}],"up":[{"embeddable":true,"href":"https:\/\/www.vpst-laubach.de\/wp\/wp-json\/wp\/v2\/pages\/1961"}],"wp:attachment":[{"href":"https:\/\/www.vpst-laubach.de\/wp\/wp-json\/wp\/v2\/media?parent=39"}],"curies":[{"name":"wp","href":"https:\/\/api.w.org\/{rel}","templated":true}]}}