{"id":1961,"date":"2017-01-30T15:11:08","date_gmt":"2017-01-30T14:11:08","guid":{"rendered":"http:\/\/www.vpst-laubach.de\/wp\/?page_id=1961"},"modified":"2023-05-17T23:23:42","modified_gmt":"2023-05-17T21:23:42","slug":"zahlen-daten-fakten","status":"publish","type":"page","link":"https:\/\/www.vpst-laubach.de\/wp\/zahlen-daten-fakten\/","title":{"rendered":"Zahlen, Daten, Fakten"},"content":{"rendered":"<!-- RS_MODULE_CODE_2.4.6 --><div id=\"readspeaker_button1961\" class=\"rs_skip rsbtn rs_preserve\"><a class=\"rsbtn_play\" title=\"Um den Text anzuh\u00f6ren, verwenden Sie bitte ReadSpeaker\" accesskey=\"L\" href=\"\/\/app-eu.readspeaker.com\/cgi-bin\/rsent?customerid=11662&amp;lang=de_de&amp;readid=rspeak_read_1961&amp;url=https%3A%2F%2Fwww.vpst-laubach.de%2Fwp%2Fwp-json%2Fwp%2Fv2%2Fpages%2F1961\">\n        <span class=\"rsbtn_left rsimg rspart\"><span class=\"rsbtn_text\"><span>Vorlesen<\/span><\/span><\/span>\n        <span class=\"rsbtn_right rsimg rsplay rspart\"><\/span>\n        <\/a><\/div><div id=\"rspeak_read_1961\"><table style=\"width: 100%;\">\n<tbody>\n<tr style=\"height: 25px;\">\n<td style=\"width: 25px; height: 25px;\"><div class=\"printomatic pom-small \" id=\"id1057\" data-print_target=\"article\"><\/div><\/td>\n<td style=\"width: 25px; height: 25px;\"><a href=\"https:\/\/www.vpst-laubach.de\/wp\"><img loading=\"lazy\" decoding=\"async\" class=\"alignnone wp-image-947\" src=\"https:\/\/www.vpst-laubach.de\/wp\/wp-content\/uploads\/2016\/02\/home.png\" alt width=\"19\" height=\"19\"><\/a><\/td>\n<td style=\"width: 25px; height: 25px;\"><img loading=\"lazy\" decoding=\"async\" class=\"wp-image-949 alignnone\" src=\"https:\/\/www.vpst-laubach.de\/wp\/wp-content\/uploads\/2016\/02\/like.png\" width=\"19\" height=\"19\"><\/td>\n<td style=\"width: 84.4384%; height: 25px;\"><span style=\"font-family: arial,helvetica,sans-serif; font-size: 10pt;\">\/\u200b <a href=\"https:\/\/www.vpst-laubach.de\/wp\/\">\u00dcber uns<\/a> \/\u200b Zahlen, Daten, Fakten<br>\n<\/span><\/td>\n<\/tr>\n<\/tbody>\n<\/table>\n<h1><span style=\"font-family: arial,helvetica,sans-serif; color: #4e82be;\">Zahlen, Daten, Fakten<\/span><\/h1>\n<p style=\"text-align: justify;\"><strong><span style=\"font-family: arial,helvetica,sans-serif; font-size: 12pt;\"><span style=\"font-size: 10pt;\"><img loading=\"lazy\" decoding=\"async\" class=\" wp-image-4085 alignleft\" src=\"https:\/\/www.vpst-laubach.de\/wp\/wp-content\/uploads\/2017\/01\/Zahlen-Daten-Fakten-Titel1-300x128.jpg\" alt width=\"349\" height=\"149\" srcset=\"https:\/\/www.vpst-laubach.de\/wp\/wp-content\/uploads\/2017\/01\/Zahlen-Daten-Fakten-Titel1-300x128.jpg 300w, https:\/\/www.vpst-laubach.de\/wp\/wp-content\/uploads\/2017\/01\/Zahlen-Daten-Fakten-Titel1-150x64.jpg 150w, https:\/\/www.vpst-laubach.de\/wp\/wp-content\/uploads\/2017\/01\/Zahlen-Daten-Fakten-Titel1.jpg 400w\" sizes=\"auto, (max-width: 349px) 100vw, 349px\"><\/span><\/span><\/strong><\/p>\n<div><span style=\"font-family: arial, helvetica, sans-serif; font-size: 10pt;\">Wie der Titel schon sagt: Zahlen, Daten, Fakten. Hier finden Sie Jahresberichte, Informationen zu den Kostentr\u00e4gern, zu freien Jobs im Verein und vieles mehr.<\/span><\/div>\n<p style=\"text-align: justify;\"><span style=\"font-family: arial,helvetica,sans-serif; font-size: 12pt;\"><span style=\"font-size: 10pt;\">Wenn Sie unser Grundhaltung und Arbeitsans\u00e4tze interessieren, dann sind Sie hier richtig. <\/span><\/span><span style=\"font-family: arial,helvetica,sans-serif; font-size: 12pt;\"><span style=\"font-size: 10pt;\">\u00dcber unsere Geschichte und \u00fcber die Entwicklung des Vereins m\u00f6chten wir Sie gerne informieren.<\/span><\/span><span style=\"font-family: arial,helvetica,sans-serif; font-size: 12pt;\"><span style=\"font-size: 10pt;\"> Auch \u00fcber unser Einzugsgebiet erfahren Sie hier N\u00e4heres.<br>\n<\/span><\/span><\/p>\n<hr>\n<table class=\" alignleft\" style=\"width: 603px;\">\n<tbody>\n<tr>\n<td style=\"width: 670px;\">\n<table class=\" alignleft\" style=\"width: 581px;\">\n<tbody>\n<tr style=\"height: 4px;\">\n<td style=\"width: 154px; height: 10px;\"><img loading=\"lazy\" decoding=\"async\" class=\"wp-image-3980 size-full alignnone\" src=\"https:\/\/www.vpst-laubach.de\/wp\/wp-content\/uploads\/2017\/01\/Jahresbericht-3.jpg\" alt width=\"150\" height=\"100\"><\/td>\n<td style=\"width: 439px; height: 10px;\">\n<h3><strong>Jahresberichte<\/strong><\/h3>\n<p style=\"text-align: justify;\"><span style=\"font-family: arial, helvetica, sans-serif; font-size: 10pt;\">Wenn Sie wissen wollen, was wir in den letzten Jahren getan haben. Auf den folgenden Seiten stehen Ihnen mehrere informative Jahresberichte zur Verf\u00fcgung. mehr&gt;&gt;<\/span><\/p>\n<hr>\n<\/td>\n<\/tr>\n<tr style=\"height: 4px;\">\n<td style=\"width: 154px; height: 10px;\"><img loading=\"lazy\" decoding=\"async\" class=\"wp-image-5741 size-full alignnone\" src=\"https:\/\/www.vpst-laubach.de\/wp\/wp-content\/uploads\/2018\/01\/Finanzen-klein-neu.jpg\" alt width=\"150\" height=\"100\"><\/td>\n<td style=\"width: 439px; height: 10px;\">\n<h3><strong>Finanzen<\/strong><\/h3>\n<p style=\"text-align: justify;\"><span style=\"font-family: arial, helvetica, sans-serif; font-size: 10pt;\">Der Tr\u00e4gerverein und damit seine Einrichtungen finanzieren sich aus Mitteln des <a title=\"Landkreis Gie\u00dfen\" href=\"https:\/\/www.lkgi.de\/\" target=\"_blank\" rel=\"noopener noreferrer\">Landkreises Gie\u00dfen<\/a>, des <a title=\"LWV Hessen\" href=\"https:\/\/www.lwv-hessen.de\/\" target=\"_blank\" rel=\"noopener noreferrer\">Landeswohlfahrtsverbandes (LWV) <\/a>sowie aus Zuwendungen von Kommunen und&nbsp;mehr&gt;&gt;<\/span><\/p>\n<hr>\n<\/td>\n<\/tr>\n<tr style=\"height: 4px;\">\n<td style=\"width: 154px; height: 10px;\"><img loading=\"lazy\" decoding=\"async\" class=\"wp-image-5765 size-full alignnone\" src=\"https:\/\/www.vpst-laubach.de\/wp\/wp-content\/uploads\/2018\/01\/Einzugsgebiet-neu-kl1.jpg\" alt width=\"150\" height=\"100\"><\/td>\n<td style=\"width: 439px; height: 10px;\">\n<h3><strong>Einzugsgebiet<\/strong><\/h3>\n<p><span style=\"font-family: arial, helvetica, sans-serif; font-size: 10pt;\">Wir halten uns zwar f\u00fcr besonders kompetent, in dem was wir tun. Wir wissen jedoch, dass wir nicht die Einzigen sind, die Angebote f\u00fcr Sie bereithalten. mehr&gt;&gt;<\/span><\/p>\n<hr>\n<\/td>\n<\/tr>\n<tr style=\"height: 4px;\">\n<td style=\"width: 154px; height: 10px;\"><img loading=\"lazy\" decoding=\"async\" class=\"wp-image-4477 size-full alignnone\" src=\"https:\/\/www.vpst-laubach.de\/wp\/wp-content\/uploads\/2017\/03\/Jobs.jpg\" alt width=\"150\" height=\"100\"><\/td>\n<td style=\"width: 439px; height: 10px;\">\n<h3><strong>Jobs<\/strong><\/h3>\n<p style=\"text-align: justify;\"><span style=\"font-family: arial, helvetica, sans-serif; font-size: 10pt;\">Sie wollen bei uns arbeiten? Hier finden Sie ausgeschriebene Stellenangebote unseres Vereins. mehr&gt;&gt;<\/span><\/p>\n<hr>\n<\/td>\n<\/tr>\n<tr>\n<td style=\"width: 154px; height: 10px;\"><\/td>\n<td style=\"width: 439px; height: 10px;\">\n<h3><a href=\"https:\/\/www.vpst-laubach.de\/wp\/?page_id=2346\"><strong>Links<\/strong><\/a><\/h3>\n<p style=\"text-align: justify;\">\n<\/p><hr>\n<\/td>\n<\/tr>\n<tr style=\"height: 4px;\">\n<td style=\"width: 154px; height: 10px;\"><img loading=\"lazy\" decoding=\"async\" class=\"alignnone size-full wp-image-2738\" src=\"https:\/\/www.vpst-laubach.de\/wp\/wp-content\/uploads\/2017\/01\/Organigramm.jpg\" alt width=\"150\" height=\"100\"><\/td>\n<td style=\"width: 439px; height: 10px;\">\n<h3 style=\"text-align: justify;\">Organigramm<\/h3>\n<p>&nbsp;<\/p>\n<hr>\n<\/td>\n<\/tr>\n<tr style=\"height: 4px;\">\n<td style=\"width: 154px; height: 10px;\"><\/td>\n<td style=\"width: 439px; height: 10px;\">Unsere Arbeitssicherheit\n<hr>\n<\/td>\n<\/tr>\n<tr style=\"height: 4px;\">\n<td style=\"width: 154px; height: 10px;\"><\/td>\n<td style=\"width: 439px; height: 10px;\">Unser Brandschutz\n<hr>\n<\/td>\n<\/tr>\n<tr style=\"height: 4px;\">\n<td style=\"width: 154px; height: 10px;\"><\/td>\n<td style=\"width: 439px; height: 10px;\">Unser Datenschutz\n<hr>\n<\/td>\n<\/tr>\n<\/tbody>\n<\/table>\n<\/td>\n<\/tr>\n<\/tbody>\n<\/table>\n<p>&nbsp;<\/p>\n<\/div>","protected":false},"excerpt":{"rendered":"<!-- RS_MODULE_CODE_2.4.6 --><div id=\"readspeaker_button1961\" class=\"rs_skip rsbtn rs_preserve\"><a class=\"rsbtn_play\" title=\"Um den Text anzuh\u00f6ren, verwenden Sie bitte ReadSpeaker\" accesskey=\"L\" href=\"\/\/app-eu.readspeaker.com\/cgi-bin\/rsent?customerid=11662&amp;lang=de_de&amp;readid=rspeak_read_1961&amp;url=https%3A%2F%2Fwww.vpst-laubach.de%2Fwp%2Fwp-json%2Fwp%2Fv2%2Fpages%2F1961\">\n        <span class=\"rsbtn_left rsimg rspart\"><span class=\"rsbtn_text\"><span>Vorlesen<\/span><\/span><\/span>\n        <span class=\"rsbtn_right rsimg rsplay rspart\"><\/span>\n        <\/a><\/div><div id=\"rspeak_read_1961\"><p> \/\u200b\u200b \u00dcber uns \/\u200b\u200b Zahlen, Daten, Fakten Zahlen, Daten, Fakten Wie der Titel schon sagt: Zahlen, Daten, Fakten. Hier finden Sie Jahresberichte, Informationen zu den Kostentr\u00e4gern, zu freien Jobs <a class=\"more-link\" href=\"https:\/\/www.vpst-laubach.de\/wp\/zahlen-daten-fakten\/\">weiterlesen \u2192<\/a><\/p>\n<\/div>","protected":false},"author":4,"featured_media":0,"parent":0,"menu_order":5,"comment_status":"closed","ping_status":"closed","template":"","meta":{"wp_typography_post_enhancements_disabled":false,"footnotes":""},"class_list":["post-1961","page","type-page","status-publish","hentry"],"_links":{"self":[{"href":"https:\/\/www.vpst-laubach.de\/wp\/wp-json\/wp\/v2\/pages\/1961","targetHints":{"allow":["GET"]}}],"collection":[{"href":"https:\/\/www.vpst-laubach.de\/wp\/wp-json\/wp\/v2\/pages"}],"about":[{"href":"https:\/\/www.vpst-laubach.de\/wp\/wp-json\/wp\/v2\/types\/page"}],"author":[{"embeddable":true,"href":"https:\/\/www.vpst-laubach.de\/wp\/wp-json\/wp\/v2\/users\/4"}],"replies":[{"embeddable":true,"href":"https:\/\/www.vpst-laubach.de\/wp\/wp-json\/wp\/v2\/comments?post=1961"}],"version-history":[{"count":101,"href":"https:\/\/www.vpst-laubach.de\/wp\/wp-json\/wp\/v2\/pages\/1961\/revisions"}],"predecessor-version":[{"id":13782,"href":"https:\/\/www.vpst-laubach.de\/wp\/wp-json\/wp\/v2\/pages\/1961\/revisions\/13782"}],"wp:attachment":[{"href":"https:\/\/www.vpst-laubach.de\/wp\/wp-json\/wp\/v2\/media?parent=1961"}],"curies":[{"name":"wp","href":"https:\/\/api.w.org\/{rel}","templated":true}]}}