{"id":15717,"date":"2025-02-03T17:53:52","date_gmt":"2025-02-03T16:53:52","guid":{"rendered":"https:\/\/www.vpst-laubach.de\/wp\/?page_id=15717"},"modified":"2025-02-03T23:08:58","modified_gmt":"2025-02-03T22:08:58","slug":"archiv-2022","status":"publish","type":"page","link":"https:\/\/www.vpst-laubach.de\/wp\/aktuelles\/archiv-2022\/","title":{"rendered":"Archiv 2022"},"content":{"rendered":"<!-- RS_MODULE_CODE_2.4.6 --><div id=\"readspeaker_button15717\" class=\"rs_skip rsbtn rs_preserve\"><a class=\"rsbtn_play\" title=\"Um den Text anzuh\u00f6ren, verwenden Sie bitte ReadSpeaker\" accesskey=\"L\" href=\"\/\/app-eu.readspeaker.com\/cgi-bin\/rsent?customerid=11662&amp;lang=de_de&amp;readid=rspeak_read_15717&amp;url=https%3A%2F%2Fwww.vpst-laubach.de%2Fwp%2Fwp-json%2Fwp%2Fv2%2Fpages%2F15717\">\n        <span class=\"rsbtn_left rsimg rspart\"><span class=\"rsbtn_text\"><span>Vorlesen<\/span><\/span><\/span>\n        <span class=\"rsbtn_right rsimg rsplay rspart\"><\/span>\n        <\/a><\/div><div id=\"rspeak_read_15717\"><table style=\"width: 100%;\">\n<tbody>\n<tr style=\"height: 25px;\">\n<td style=\"width: 25px; height: 25px;\"><div class=\"printomatic pom-small \" id=\"id2277\" data-print_target=\"article\"><\/div><\/td>\n<td style=\"width: 25px; height: 25px;\"><a href=\"https:\/\/www.vpst-laubach.de\/wp\"><img loading=\"lazy\" decoding=\"async\" class=\"alignnone wp-image-947\" src=\"https:\/\/www.vpst-laubach.de\/wp\/wp-content\/uploads\/2016\/02\/home.png\" alt width=\"19\" height=\"19\"><\/a><\/td>\n<td style=\"width: 25px; height: 25px;\"><img loading=\"lazy\" decoding=\"async\" class=\"wp-image-949 alignnone\" src=\"https:\/\/www.vpst-laubach.de\/wp\/wp-content\/uploads\/2016\/02\/like.png\" width=\"19\" height=\"19\"><\/td>\n<td style=\"width: 737.25px; height: 25px;\"><span style=\"font-family: arial,helvetica,sans-serif; font-size: 10pt;\">\/\u200b <a href=\"https:\/\/www.vpst-laubach.de\/wp\">\u00dcber uns<\/a> \/\u200b <a href=\"https:\/\/www.vpst-laubach.de\/wp\/aktuelles\/\">Aktuelles<\/a> \/\u200b <a href=\"https:\/\/www.vpst-laubach.de\/wp\/aktuelles\/archiv\/\">Archiv<\/a> \/\u200b 2022<br>\n<\/span><\/td>\n<\/tr>\n<\/tbody>\n<\/table>\n<h1><span style=\"font-family: arial,helvetica,sans-serif; font-size: 12pt;\"><span style=\"color: #4e82be; font-size: 24pt;\">Archiv 2022<br>\n<\/span><\/span><\/h1>\n<table style=\"width: 100%; border-collapse: collapse; background-color: #b3afaf;\">\n<tbody>\n<tr>\n<td style=\"width: 20%;\"><span style=\"font-family: arial, helvetica, sans-serif; font-size: 14pt;\">&nbsp;<a href=\"https:\/\/www.vpst-laubach.de\/wp\/aktuelles\/archiv\/\">2023 &gt;&gt;<\/a><\/span><\/td>\n<td style=\"width: 20%;\"><span style=\"font-family: arial, helvetica, sans-serif; font-size: 14pt;\">&nbsp;2022&nbsp;&gt;&gt;<\/span><\/td>\n<td style=\"width: 20%;\"><span style=\"font-family: arial, helvetica, sans-serif; font-size: 14pt;\">&nbsp;<a href=\"https:\/\/www.vpst-laubach.de\/wp\/aktuelles\/archiv-2021\/\">2021 &gt;&gt;<\/a><\/span><\/td>\n<td style=\"width: 20%;\"><span style=\"font-family: arial, helvetica, sans-serif; font-size: 14pt;\">&nbsp;<a href=\"https:\/\/www.vpst-laubach.de\/wp\/aktuelles\/archiv-2020\/\">2020 &gt;&gt;<\/a><\/span><\/td>\n<td style=\"width: 20%;\"><span style=\"font-family: arial, helvetica, sans-serif; font-size: 14pt;\">&nbsp;<a href=\"https:\/\/www.vpst-laubach.de\/wp\/aktuelles\/archiv-2019\/\">2019 &gt;&gt;<\/a><\/span><\/td>\n<td style=\"width: 16.6667%;\"><\/td>\n<\/tr>\n<\/tbody>\n<\/table>\n<table>\n<tbody>\n<tr>\n<td style=\"width: 154px; height: 10px;\"><a href=\"https:\/\/www.vpst-laubach.de\/wp\/wp-content\/uploads\/2022\/12\/1_KREIS_GIESSEN_35_1_2012.pdf\" target=\"_blank\" rel=\"noopener noreferrer\"><img loading=\"lazy\" decoding=\"async\" class=\"alignnone wp-image-12565 size-full\" src=\"https:\/\/www.vpst-laubach.de\/wp\/wp-content\/uploads\/2020\/05\/Presse.jpg\" alt width=\"150\" height=\"100\"><\/a><\/td>\n<td style=\"width: 439px; height: 10px;\">\n<h3><span dir=\"ltr\" role=\"presentation\"><a href=\"https:\/\/www.vpst-laubach.de\/wp\/wp-content\/uploads\/2022\/12\/1_KREIS_GIESSEN_35_1_2012.pdf\" target=\"_blank\" rel=\"noopener\">Vorbildliches&nbsp;<span style=\"font-family: arial, helvetica, sans-serif;\">soziales <span style=\"font-size: 14pt;\">Engagement<\/span><\/span><\/a> <span style=\"font-family: arial, helvetica, sans-serif; font-size: 8pt;\">21.12.2022<\/span><\/span><\/h3>\n<p><span dir=\"ltr\" style=\"font-family: arial, helvetica, sans-serif; font-size: 10pt;\" role=\"presentation\">Verdienste von Roland Seifert,<br>\nGesch\u00e4ftsf\u00fchrer Verein f\u00fcr psychosoziale Therapie, gew\u00fcrdigt.<br>\n<a href=\"https:\/\/www.vpst-laubach.de\/wp\/wp-content\/uploads\/2022\/12\/1_KREIS_GIESSEN_35_1_2012.pdf\" target=\"_blank\" rel=\"noopener\">Zum Pressebericht &gt;&gt;<\/a><\/span><\/p>\n<hr>\n<\/td>\n<\/tr>\n<tr>\n<td style=\"width: 154px; height: 10px;\"><a href=\"https:\/\/ua.pinga.app\/\" target=\"_blank\" rel=\"noopener\"><img loading=\"lazy\" decoding=\"async\" class=\"alignnone wp-image-4476 size-full\" src=\"https:\/\/www.vpst-laubach.de\/wp\/wp-content\/uploads\/2017\/03\/Links.jpg\" alt width=\"150\" height=\"100\"><\/a><\/td>\n<td style=\"width: 439px; height: 10px;\">\n<h3 data-wahfont=\"20\"><a href=\"https:\/\/ua.pinga.app\/\" target=\"_blank\" rel=\"noopener\"><span data-wahfont=\"20\"><span style=\"font-family: arial, helvetica, sans-serif;\">Kostenlose<\/span> psychologische Beratung<br>\nf\u00fcr Ukrainier*innen<\/span><\/a><span style=\"font-family: arial, helvetica, sans-serif; font-size: 8pt;\">12.08.2022<\/span><\/h3>\n<p><span style=\"font-family: arial, helvetica, sans-serif; font-size: 10pt;\">Pinga bietet kostenlose psychologische <a href=\"https:\/\/ua.pinga.app\/\" target=\"_blank\" rel=\"noopener\">Online-\u200bBeratung f\u00fcr Ukrainer*innen an. Ein deuschsprachiges Angebot ist hier zu finden<\/a> <a href=\"https:\/\/pinga.app\/\" target=\"_blank\" rel=\"noopener\">&gt;&gt;<\/a><\/span><\/p>\n<hr>\n<\/td>\n<\/tr>\n<tr>\n<td style=\"width: 154px; height: 10px;\"><b><img loading=\"lazy\" decoding=\"async\" class=\"alignnone size-full wp-image-14828\" src=\"http:\/\/www.vpst-laubach.de\/wp\/wp-content\/uploads\/2023\/06\/Werbung-Feierabendmarkt.jpg\" alt width=\"150\" height=\"100\"><\/b><\/td>\n<td style=\"width: 439px; height: 10px;\">\n<h3 data-wahfont=\"20\"><span data-wahfont=\"20\"><a href=\"https:\/\/www.vpst-laubach.de\/wp\/aktuelles\/feierabendmarkt\/\" target=\"_blank\" rel=\"noopener\"><span style=\"font-family: arial, helvetica, sans-serif;\">Feierabendmarkt<\/span> am 05.08.2022<\/a> <span style=\"font-family: arial, helvetica, sans-serif; font-size: 8pt;\">26.07.2022<\/span><strong><br>\n<\/strong><\/span><\/h3>\n<p><span style=\"font-size: 10pt; font-family: arial, helvetica, sans-serif;\" data-wahfont=\"13\">Am 05.08.2022 findet der 3. Feierabendmarkt am Laubacher Marktplatz statt. Dieses Mal ist auch der<a href=\"https:\/\/www.vpst-laubach.de\/wp\/foerderverein\/\" target=\"_blank\" rel=\"noopener\" data-wahfont=\"13\"> F\u00f6rderverein f\u00fcr das Beratungszentrum Laubach und Gr\u00fcnberg<\/a> mit dabei. <a href=\"https:\/\/www.vpst-laubach.de\/wp\/aktuelles\/feierabendmarkt\/\" target=\"_blank\" rel=\"noopener\">Mehr &gt;&gt;<\/a><\/span><\/p>\n<hr>\n<\/td>\n<\/tr>\n<tr>\n<td style=\"width: 154px; height: 10px;\"><a href=\"https:\/\/www.vpst-laubach.de\/wp\/aktuelles\/gluecksrad-und-luftballons-kamen-gut-an\/\"><img loading=\"lazy\" decoding=\"async\" class=\"alignnone wp-image-14270 size-full\" src=\"https:\/\/www.vpst-laubach.de\/wp\/wp-content\/uploads\/2022\/07\/Gluecksrad.jpg\" alt width=\"150\" height=\"100\"><\/a><\/td>\n<td style=\"width: 439px; height: 10px;\">\n<h3><a href=\"https:\/\/www.vpst-laubach.de\/wp\/aktuelles\/gluecksrad-und-luftballons-kamen-gut-an\/\">Gl\u00fccksrad und Luftballons kamen <span style=\"font-family: arial, helvetica, sans-serif;\">gut<\/span> an<\/a><\/h3>\n<p><strong><span style=\"font-family: arial, helvetica, sans-serif; font-size: 8pt;\">05.07.2022<\/span><\/strong> <span style=\"font-size: 10pt; font-family: arial, helvetica, sans-serif;\">Trotz brennender Sonne haben zahlreiche Besucher am 18. und 19.06. den Tag der Vereine beim Stadtfest Gr\u00fcnberg besucht.<\/span><br>\n<span style=\"font-size: 10pt; font-family: arial, helvetica, sans-serif;\"><a href=\"https:\/\/www.vpst-laubach.de\/wp\/aktuelles\/gluecksrad-und-luftballons-kamen-gut-an\/\">Mehr &gt;&gt;<\/a><\/span><\/p>\n<hr>\n<\/td>\n<\/tr>\n<\/tbody>\n<\/table>\n<p>&nbsp;<\/p>\n<\/div>","protected":false},"excerpt":{"rendered":"<!-- RS_MODULE_CODE_2.4.6 --><div id=\"readspeaker_button15717\" class=\"rs_skip rsbtn rs_preserve\"><a class=\"rsbtn_play\" title=\"Um den Text anzuh\u00f6ren, verwenden Sie bitte ReadSpeaker\" accesskey=\"L\" href=\"\/\/app-eu.readspeaker.com\/cgi-bin\/rsent?customerid=11662&amp;lang=de_de&amp;readid=rspeak_read_15717&amp;url=https%3A%2F%2Fwww.vpst-laubach.de%2Fwp%2Fwp-json%2Fwp%2Fv2%2Fpages%2F15717\">\n        <span class=\"rsbtn_left rsimg rspart\"><span class=\"rsbtn_text\"><span>Vorlesen<\/span><\/span><\/span>\n        <span class=\"rsbtn_right rsimg rsplay rspart\"><\/span>\n        <\/a><\/div><div id=\"rspeak_read_15717\"><p> \/\u200b\u200b \u00dcber uns \/\u200b\u200b Aktuelles \/\u200b\u200b Archiv \/\u200b\u200b 2022 Archiv 2022 &nbsp;2023 &gt;&gt; &nbsp;2022&nbsp;&gt;&gt; &nbsp;2021 &gt;&gt; &nbsp;2020 &gt;&gt; &nbsp;2019 &gt;&gt; Vorbildliches&nbsp;soziales Engagement 21.12.2022 Verdienste von Roland Seifert, Gesch\u00e4ftsf\u00fchrer Verein <a class=\"more-link\" href=\"https:\/\/www.vpst-laubach.de\/wp\/aktuelles\/archiv-2022\/\">weiterlesen \u2192<\/a><\/p>\n<\/div>","protected":false},"author":1,"featured_media":0,"parent":27,"menu_order":0,"comment_status":"closed","ping_status":"closed","template":"","meta":{"wp_typography_post_enhancements_disabled":false,"footnotes":""},"class_list":["post-15717","page","type-page","status-publish","hentry"],"_links":{"self":[{"href":"https:\/\/www.vpst-laubach.de\/wp\/wp-json\/wp\/v2\/pages\/15717","targetHints":{"allow":["GET"]}}],"collection":[{"href":"https:\/\/www.vpst-laubach.de\/wp\/wp-json\/wp\/v2\/pages"}],"about":[{"href":"https:\/\/www.vpst-laubach.de\/wp\/wp-json\/wp\/v2\/types\/page"}],"author":[{"embeddable":true,"href":"https:\/\/www.vpst-laubach.de\/wp\/wp-json\/wp\/v2\/users\/1"}],"replies":[{"embeddable":true,"href":"https:\/\/www.vpst-laubach.de\/wp\/wp-json\/wp\/v2\/comments?post=15717"}],"version-history":[{"count":23,"href":"https:\/\/www.vpst-laubach.de\/wp\/wp-json\/wp\/v2\/pages\/15717\/revisions"}],"predecessor-version":[{"id":15856,"href":"https:\/\/www.vpst-laubach.de\/wp\/wp-json\/wp\/v2\/pages\/15717\/revisions\/15856"}],"up":[{"embeddable":true,"href":"https:\/\/www.vpst-laubach.de\/wp\/wp-json\/wp\/v2\/pages\/27"}],"wp:attachment":[{"href":"https:\/\/www.vpst-laubach.de\/wp\/wp-json\/wp\/v2\/media?parent=15717"}],"curies":[{"name":"wp","href":"https:\/\/api.w.org\/{rel}","templated":true}]}}