{"id":15385,"date":"2024-07-30T08:23:58","date_gmt":"2024-07-30T06:23:58","guid":{"rendered":"https:\/\/www.vpst-laubach.de\/wp\/?page_id=15385"},"modified":"2024-07-30T08:44:15","modified_gmt":"2024-07-30T06:44:15","slug":"dm-drogeriemarkt-startet-auch-dieses-jahr","status":"publish","type":"page","link":"https:\/\/www.vpst-laubach.de\/wp\/aktuelles\/dm-drogeriemarkt-startet-auch-dieses-jahr\/","title":{"rendered":"dm-\u200bDrogeriemarkt startet auch dieses Jahr&nbsp;\u2026"},"content":{"rendered":"<!-- RS_MODULE_CODE_2.4.6 --><div id=\"readspeaker_button15385\" class=\"rs_skip rsbtn rs_preserve\"><a class=\"rsbtn_play\" title=\"Um den Text anzuh\u00f6ren, verwenden Sie bitte ReadSpeaker\" accesskey=\"L\" href=\"\/\/app-eu.readspeaker.com\/cgi-bin\/rsent?customerid=11662&amp;lang=de_de&amp;readid=rspeak_read_15385&amp;url=https%3A%2F%2Fwww.vpst-laubach.de%2Fwp%2Fwp-json%2Fwp%2Fv2%2Fpages%2F15385\">\n        <span class=\"rsbtn_left rsimg rspart\"><span class=\"rsbtn_text\"><span>Vorlesen<\/span><\/span><\/span>\n        <span class=\"rsbtn_right rsimg rsplay rspart\"><\/span>\n        <\/a><\/div><div id=\"rspeak_read_15385\"><table style=\"width: 100%;\">\n<tbody>\n<tr>\n<td style=\"width: 25px; height: 25px;\"><span style=\"font-family: arial, helvetica, sans-serif; font-size: 10pt;\"><div class=\"printomatic pom-small \" id=\"id4419\" data-print_target=\"article\"><\/div><\/span><\/td>\n<td style=\"width: 25px; height: 25px;\"><span style=\"font-family: arial, helvetica, sans-serif; font-size: 10pt;\"><a href=\"https:\/\/www.vpst-laubach.de\/wp\"><img loading=\"lazy\" decoding=\"async\" class=\"alignnone wp-image-947\" src=\"https:\/\/www.vpst-laubach.de\/wp\/wp-content\/uploads\/2016\/02\/home.png\" alt width=\"19\" height=\"19\"><\/a><\/span><\/td>\n<td style=\"width: 25px; height: 25px;\"><span style=\"font-family: arial, helvetica, sans-serif; font-size: 10pt;\"><img loading=\"lazy\" decoding=\"async\" class=\"wp-image-949 alignnone\" src=\"https:\/\/www.vpst-laubach.de\/wp\/wp-content\/uploads\/2016\/02\/like.png\" width=\"19\" height=\"19\"><\/span><\/td>\n<td style=\"width: 86.8244%;\"><span style=\"font-family: arial, helvetica, sans-serif; font-size: 10pt;\"> \/\u200b <a href=\"https:\/\/www.vpst-laubach.de\/wp\/\">\u00dcber uns<\/a> \/\u200b <a href=\"https:\/\/www.vpst-laubach.de\/wp\/aktuelles\/\">Aktuelles<\/a> \/\u200b dm-\u200bDrogeriemarkt startet auch dieses Jahr&nbsp;\u2026<br>\n<\/span><\/td>\n<\/tr>\n<\/tbody>\n<\/table>\n<h1><span style=\"font-family: arial, helvetica, sans-serif;\"><a id=\"dm\"><\/a>dm-\u200bDrogeriemarkt startet auch dieses Jahr wieder \u201eLust auf Zukunft\u201c<\/span><\/h1>\n<div data-canvas-width=\"568.8173333333332\">\n<p>&nbsp;<\/p>\n<p><span style=\"font-family: arial, helvetica, sans-serif; font-size: 10pt;\"><img loading=\"lazy\" decoding=\"async\" class=\" wp-image-15378 alignleft\" src=\"https:\/\/www.vpst-laubach.de\/wp\/wp-content\/uploads\/2024\/07\/DMSI240187_Signet_Zukunftsinitiative_mit_Gradient_4C-517bc1420004d9a641a15c7545d011bf2-300x300.png\" alt width=\"222\" height=\"222\" srcset=\"https:\/\/www.vpst-laubach.de\/wp\/wp-content\/uploads\/2024\/07\/DMSI240187_Signet_Zukunftsinitiative_mit_Gradient_4C-517bc1420004d9a641a15c7545d011bf2-300x300.png 300w, https:\/\/www.vpst-laubach.de\/wp\/wp-content\/uploads\/2024\/07\/DMSI240187_Signet_Zukunftsinitiative_mit_Gradient_4C-517bc1420004d9a641a15c7545d011bf2-1024x1024.png 1024w, https:\/\/www.vpst-laubach.de\/wp\/wp-content\/uploads\/2024\/07\/DMSI240187_Signet_Zukunftsinitiative_mit_Gradient_4C-517bc1420004d9a641a15c7545d011bf2-150x150.png 150w, https:\/\/www.vpst-laubach.de\/wp\/wp-content\/uploads\/2024\/07\/DMSI240187_Signet_Zukunftsinitiative_mit_Gradient_4C-517bc1420004d9a641a15c7545d011bf2-1536x1536.png 1536w, https:\/\/www.vpst-laubach.de\/wp\/wp-content\/uploads\/2024\/07\/DMSI240187_Signet_Zukunftsinitiative_mit_Gradient_4C-517bc1420004d9a641a15c7545d011bf2.png 1789w\" sizes=\"auto, (max-width: 222px) 100vw, 222px\"><\/span><\/p>\n<p><span style=\"font-family: arial, helvetica, sans-serif; font-size: 10pt;\">Auch in diesem Sommer m\u00f6chte dm-\u200bDrogeriemarkt gemeinsam mit rund 3.000 lokalen Initiativen die Lust an der Zukunft wecken. Denn es sind diese Initiativen, die sich vor Ort f\u00fcr eine vielf\u00e4ltige und weltoffene Gesellschaft einsetzen. Tagt\u00e4glich engagieren sich Menschen aktiv \u2013 sie machen unser Zusammenleben wertvoller und ermuntern andere, selbst aktiv zu werden und mit Zuversicht in die Zukunft zu blicken. Diesen uneigenn\u00fctzigen Einsatz m\u00f6chte dm mit seiner Initiative \u201eLust an Zukunft\u201c wertsch\u00e4tzen und unterst\u00fctzen.&nbsp;<\/span><\/p>\n<p><span style=\"font-family: arial, helvetica, sans-serif; font-size: 10pt;\">Die dm-\u200bTeams aus den 2.100\u202fdm-\u200bM\u00e4rkten haben f\u00fcr die diesj\u00e4hrige Initiative \u201eLust an Zukunft\u201c jeweils zwei lokale Wunschprojekte ausgew\u00e4hlt. Wir freuen uns sehr, dass wir auch dieses Jahr wieder mit unserem Verein dabei sein d\u00fcrfen.&nbsp;<\/span><\/p>\n<p><span style=\"font-family: arial, helvetica, sans-serif; font-size: 10pt;\"><u><b>Die Spendenaktion<\/b><\/u><\/span><\/p>\n<p><span style=\"font-family: arial, helvetica, sans-serif; font-size: 10pt;\">Im Aktionszeitraum 25.07. bis 14.08.2024 finden die Abstimmungen online unter <a href=\"https:\/\/www.lust-an-zukunft.de\/\" target=\"_blank\" rel=\"noopener\">lustanzukunft.de<\/a> sowie in den dm-\u200bM\u00e4rkten statt. Je zwei lokale Projekte stellen sich in den dm-\u200bFilialen vor und Kundinnen und Kunden haben die M\u00f6glichkeit, f\u00fcr ihren Favoriten abzustimmen. Das Projekt mit mehr Stimmen wird von dem jeweiligen dm-\u200bMarkt mit einer Spendensumme in H\u00f6he von 600 Euro unterst\u00fctzt. Das zweitplatzierte Projekt wird mit 400 Euro unterst\u00fctzt.<br>\n<\/span><\/p>\n<p><span style=\"font-family: arial, helvetica, sans-serif; font-size: 10pt;\">Wir freuen uns sehr, dass der VPsT auch dieses Jahr als eines der Zukunftsprojekte Teil von \u201eLust auf Zukunft\u201c ist und dm-\u200bDrogeriemarkt seine Plattform und Unterst\u00fctzung anbietet. Dies ist eine tolle Gelegenheit, die Arbeit des VPsT in der Region vorzustellen. <b>Pers\u00f6nlich trifft man uns am 08.08., 09.08. jeweils von 14:00 Uhr bis 18:00 Uhr und am 10.08. von 09:00 Uhr bis 13:00 Uhr im<\/b><b> dm-\u200bMarkt in der G\u00f6blenr\u00f6der Stra\u00dfe 3\u202fin 35305 Gr\u00fcnberg <\/b><b>an.<\/b><b> <\/b>Wer uns unterst\u00fctzen m\u00f6chte, kann dort oder online unter <a href=\"https:\/\/www.lust-an-zukunft.de\/\" target=\"_blank\" rel=\"noopener\">lustanzukunft.de<\/a> seine Stimme abgeben. Wir freuen uns auf Euer kommen.<\/span><\/p>\n<\/div>\n<p><span data-wahfont=\"13\"><a href=\"https:\/\/www.vpst-laubach.de\/wp\/aktuelles\/\" data-wahfont=\"13\"><span style=\"font-family: arial, helvetica, sans-serif; font-size: 10pt;\">Zur\u00fcck zu \u201cAktuelles\u201d &gt;&gt;<\/span><\/a><\/span><\/p>\n<div class=\"vrm-ads__wrapper\" style=\"text-align: justify;\">\n<hr>\n<\/div>\n<p><img loading=\"lazy\" decoding=\"async\" class=\"size-full wp-image-7261 alignleft\" src=\"https:\/\/www.vpst-laubach.de\/wp\/wp-content\/uploads\/2018\/07\/trennline_neu.jpg\" alt width=\"780\" height=\"80\"><\/p>\n<table class=\" alignleft\" style=\"width: 603px;\">\n<tbody>\n<tr>\n<td>\n<table class=\" alignleft\" style=\"width: 581px;\">\n<tbody>\n<tr>\n<td style=\"width: 154px;\"><a href=\"https:\/\/www.vpst-laubach.de\/wp\/aktuelles\/spendenuebergabe-an-den-vpst\/\"><b><img loading=\"lazy\" decoding=\"async\" class=\"alignnone size-full wp-image-14887\" src=\"https:\/\/www.vpst-laubach.de\/wp\/wp-content\/uploads\/2023\/07\/Spende-DM-kl.jpg\" alt width=\"150\" height=\"100\"><\/b><\/a><\/td>\n<td style=\"width: 439px;\">\n<div style=\"text-align: justify;\">\n<h3><a href=\"https:\/\/www.vpst-laubach.de\/wp\/aktuelles\/spendenuebergabe-an-den-vpst\/\" target=\"_blank\" rel=\"noopener\"><span style=\"font-family: arial, helvetica, sans-serif;\">Spenden\u00fcbergabe an den&nbsp;VPsT<\/span><\/a><\/h3>\n<p><span style=\"font-family: arial, helvetica, sans-serif; font-size: 10pt;\">Wer sich f\u00fcr zukunftsweisende Projekte einsetzt, verdient Unterst\u00fctzung. So warb die dm-\u200bdrogerie markt GmbH &amp;&nbsp;Co. KG mit seiner Spendenaktion \u201eLust auf Zukunft\u201c <\/span><a href=\"https:\/\/www.vpst-laubach.de\/wp\/aktuelles\/spendenuebergabe-an-den-vpst\/\" target=\"_blank\" rel=\"noopener\"><span style=\"font-family: arial, helvetica, sans-serif; font-size: 10pt;\">mehr &gt;&gt;<\/span><\/a><\/p>\n<hr>\n<\/div>\n<\/td>\n<\/tr>\n<tr>\n<td style=\"width: 154px;\"><a href=\"https:\/\/www.vpst-laubach.de\/wp\/ueber-uns\/der-vpst\/\"><img loading=\"lazy\" decoding=\"async\" class=\"alignnone wp-image-8243 size-full\" src=\"https:\/\/www.vpst-laubach.de\/wp\/wp-content\/uploads\/2019\/02\/Der-VPsT-klein-NEU.jpg\" alt width=\"150\" height=\"100\"><\/a><\/td>\n<td style=\"width: 439px;\">\n<div>\n<div>\n<h3 data-wahfont=\"14\"><span style=\"font-family: arial, helvetica, sans-serif;\"><a href=\"https:\/\/www.vpst-laubach.de\/wp\/ueber-uns\/der-vpst\/\">Der VPsT<\/a><\/span><\/h3>\n<p><span style=\"font-family: arial, helvetica, sans-serif; font-size: 10pt;\">Der Verein greift auf eine \u00fcber 40-\u200bj\u00e4hrige Erfahrung in der Region zur\u00fcck. Das w\u00e4re nicht m\u00f6glich gewesen ohne seine engagierten Mitarbeiter*innen, vielf\u00e4ltigen Kooperationspartner und vielem <\/span><a href=\"https:\/\/www.vpst-laubach.de\/wp\/ueber-uns\/der-vpst\/\"><span style=\"font-family: arial, helvetica, sans-serif; font-size: 10pt;\">mehr&gt;&gt;<\/span><\/a><\/p>\n<\/div>\n<\/div>\n<hr>\n<\/td>\n<\/tr>\n<tr>\n<td style=\"width: 154px;\"><a href=\"https:\/\/www.vpst-laubach.de\/wp\/?page_id=3025\"><img loading=\"lazy\" decoding=\"async\" class=\"wp-image-3596 size-full alignnone\" src=\"https:\/\/www.vpst-laubach.de\/wp\/wp-content\/uploads\/2016\/01\/was-wir-tun-4-klein.jpg\" alt width=\"150\" height=\"100\"><\/a><\/td>\n<td style=\"width: 439px;\">\n<div>\n<h3 data-wahfont=\"20\"><a href=\"https:\/\/www.vpst-laubach.de\/wp\/?page_id=3025\"><strong>Was wir&nbsp;tun<\/strong><\/a><\/h3>\n<p data-wahfont=\"14\"><span data-wahfont=\"14\"><span style=\"font-size: 10pt; font-family: arial, helvetica, sans-serif;\">Was ist ein \u201eZentrum f\u00fcr psychosoziale Therapie\u201c oder was bedeutet f\u00fcr uns der \u201eGrundsatz der Gemeinden\u00e4he\u201c. Wenn Sie mehr dar\u00fcber erfahren wollen, dann schauen Sie mal <\/span><a href=\"https:\/\/www.vpst-laubach.de\/wp\/?page_id=3025\"><span style=\"font-size: 10pt; font-family: arial, helvetica, sans-serif;\">hier&gt;&gt;<\/span><\/a><\/span><\/p>\n<hr>\n<p data-wahfont=\"13\">\n<\/p><\/div>\n<\/td>\n<\/tr>\n<\/tbody>\n<\/table>\n<\/td>\n<\/tr>\n<\/tbody>\n<\/table>\n<p>&nbsp;<\/p>\n<p>&nbsp;<\/p>\n<p>&nbsp;<\/p>\n<p>&nbsp;<\/p>\n<p>&nbsp;<\/p>\n<\/div>","protected":false},"excerpt":{"rendered":"<!-- RS_MODULE_CODE_2.4.6 --><div id=\"readspeaker_button15385\" class=\"rs_skip rsbtn rs_preserve\"><a class=\"rsbtn_play\" title=\"Um den Text anzuh\u00f6ren, verwenden Sie bitte ReadSpeaker\" accesskey=\"L\" href=\"\/\/app-eu.readspeaker.com\/cgi-bin\/rsent?customerid=11662&amp;lang=de_de&amp;readid=rspeak_read_15385&amp;url=https%3A%2F%2Fwww.vpst-laubach.de%2Fwp%2Fwp-json%2Fwp%2Fv2%2Fpages%2F15385\">\n        <span class=\"rsbtn_left rsimg rspart\"><span class=\"rsbtn_text\"><span>Vorlesen<\/span><\/span><\/span>\n        <span class=\"rsbtn_right rsimg rsplay rspart\"><\/span>\n        <\/a><\/div><div id=\"rspeak_read_15385\"><p> \/\u200b\u200b \u00dcber uns \/\u200b\u200b Aktuelles \/\u200b\u200b dm-\u200b\u200bDrogeriemarkt startet auch dieses Jahr&nbsp;\u2026 dm-\u200b\u200bDrogeriemarkt startet auch dieses Jahr wieder \u201eLust auf Zukunft\u201c &nbsp; Auch in diesem Sommer m\u00f6chte dm-\u200b\u200bDrogeriemarkt gemeinsam mit <a class=\"more-link\" href=\"https:\/\/www.vpst-laubach.de\/wp\/aktuelles\/dm-drogeriemarkt-startet-auch-dieses-jahr\/\">weiterlesen \u2192<\/a><\/p>\n<\/div>","protected":false},"author":3,"featured_media":0,"parent":27,"menu_order":0,"comment_status":"closed","ping_status":"closed","template":"","meta":{"wp_typography_post_enhancements_disabled":false,"footnotes":""},"class_list":["post-15385","page","type-page","status-publish","hentry"],"_links":{"self":[{"href":"https:\/\/www.vpst-laubach.de\/wp\/wp-json\/wp\/v2\/pages\/15385","targetHints":{"allow":["GET"]}}],"collection":[{"href":"https:\/\/www.vpst-laubach.de\/wp\/wp-json\/wp\/v2\/pages"}],"about":[{"href":"https:\/\/www.vpst-laubach.de\/wp\/wp-json\/wp\/v2\/types\/page"}],"author":[{"embeddable":true,"href":"https:\/\/www.vpst-laubach.de\/wp\/wp-json\/wp\/v2\/users\/3"}],"replies":[{"embeddable":true,"href":"https:\/\/www.vpst-laubach.de\/wp\/wp-json\/wp\/v2\/comments?post=15385"}],"version-history":[{"count":2,"href":"https:\/\/www.vpst-laubach.de\/wp\/wp-json\/wp\/v2\/pages\/15385\/revisions"}],"predecessor-version":[{"id":15387,"href":"https:\/\/www.vpst-laubach.de\/wp\/wp-json\/wp\/v2\/pages\/15385\/revisions\/15387"}],"up":[{"embeddable":true,"href":"https:\/\/www.vpst-laubach.de\/wp\/wp-json\/wp\/v2\/pages\/27"}],"wp:attachment":[{"href":"https:\/\/www.vpst-laubach.de\/wp\/wp-json\/wp\/v2\/media?parent=15385"}],"curies":[{"name":"wp","href":"https:\/\/api.w.org\/{rel}","templated":true}]}}