{"id":1394,"date":"2016-09-20T10:48:05","date_gmt":"2016-09-20T08:48:05","guid":{"rendered":"http:\/\/www.vpst-laubach.de\/wp\/?page_id=1394"},"modified":"2020-12-14T09:41:41","modified_gmt":"2020-12-14T08:41:41","slug":"unsere-staerken-und-kompetenzen","status":"publish","type":"page","link":"https:\/\/www.vpst-laubach.de\/wp\/unsere-staerken-und-kompetenzen\/","title":{"rendered":"Leitbild \u2013 Unsere St\u00e4rken und Kompetenzen"},"content":{"rendered":"<!-- RS_MODULE_CODE_2.4.6 --><div id=\"readspeaker_button1394\" class=\"rs_skip rsbtn rs_preserve\"><a class=\"rsbtn_play\" title=\"Um den Text anzuh\u00f6ren, verwenden Sie bitte ReadSpeaker\" accesskey=\"L\" href=\"\/\/app-eu.readspeaker.com\/cgi-bin\/rsent?customerid=11662&amp;lang=de_de&amp;readid=rspeak_read_1394&amp;url=https%3A%2F%2Fwww.vpst-laubach.de%2Fwp%2Fwp-json%2Fwp%2Fv2%2Fpages%2F1394\">\n        <span class=\"rsbtn_left rsimg rspart\"><span class=\"rsbtn_text\"><span>Vorlesen<\/span><\/span><\/span>\n        <span class=\"rsbtn_right rsimg rsplay rspart\"><\/span>\n        <\/a><\/div><div id=\"rspeak_read_1394\"><table style=\"width: 100%;\">\n<tbody>\n<tr style=\"height: 25px;\">\n<td style=\"width: 25px; height: 25px;\"><div class=\"printomatic pom-small \" id=\"id1435\" data-print_target=\"article\"><\/div><\/td>\n<td style=\"width: 25px; height: 25px;\"><a href=\"https:\/\/www.vpst-laubach.de\/wp\"><img loading=\"lazy\" decoding=\"async\" class=\"alignnone wp-image-947\" src=\"https:\/\/www.vpst-laubach.de\/wp\/wp-content\/uploads\/2016\/02\/home.png\" alt width=\"19\" height=\"19\"><\/a><\/td>\n<td style=\"width: 25px; height: 25px;\"><img loading=\"lazy\" decoding=\"async\" class=\"wp-image-949 alignnone\" src=\"https:\/\/www.vpst-laubach.de\/wp\/wp-content\/uploads\/2016\/02\/like.png\" width=\"19\" height=\"19\"><\/td>\n<td style=\"width: 737.25px; height: 25px;\"><span style=\"font-family: arial,helvetica,sans-serif; font-size: 10pt;\"><span data-wahfont=\"13\"><a href=\"https:\/\/www.vpst-laubach.de\/wp\/\">\u00dcber uns<\/a> \/\u200b <a href=\"https:\/\/www.vpst-laubach.de\/wp\/der-vpst\/\">der VPsT<\/a> \/\u200b&nbsp; <a href=\"https:\/\/www.vpst-laubach.de\/wp\/?page_id=41\" data-wahfont=\"13\">Leitbild VPsT<\/a> \/\u200b<br>\nUnsere St\u00e4rken und Kompetenzen<\/span><br>\n<\/span><\/td>\n<\/tr>\n<\/tbody>\n<\/table>\n<h1><span style=\"font-family: arial, helvetica, sans-serif;\">Leitbild VPsT \u2013 Unsere St\u00e4rken und Kompetenzen<\/span><\/h1>\n<p><span style=\"font-family: arial,helvetica,sans-serif; font-size: 10pt;\"><img loading=\"lazy\" decoding=\"async\" class=\"size-medium wp-image-3156 alignleft\" src=\"https:\/\/www.vpst-laubach.de\/wp\/wp-content\/uploads\/2017\/05\/Leitbild_gr-300x206.jpg\" alt width=\"300\" height=\"206\">Unsere Arbeit im Verein wird getragen vom gro\u00dfen Engagement seiner Mitarbeiterinnen und Mitarbeiter. Ein gutes Betriebsklima ist hierf\u00fcr ebenso Beleg wie die hohe Identifikation jedes Einzelnen mit den Zielen und Aufgaben des Vereins. Wir b\u00fcndeln fachlich aufeinander abgestimmte Disziplinen und gew\u00e4hrleisten hierdurch eine qualifizierte Hilfe bei psychosozialen Problemlagen. Dabei stehen der Klient und seine Bed\u00fcrfnisse im Mittelpunkt unserer Arbeit. Unser \u00fcber die letzten drei Jahrzehnte hinweg gewachsenes lokales und fachliches Wissen hilft uns, vorhandene Ressourcen besser zu nutzen und effektiv einzusetzen. Kompetenz und Verl\u00e4sslichkeit zeichnen dabei unser Handeln aus und tragen dazu bei, Vertrauen sowohl bei unseren Klienten als auch bei unseren Kooperationspartnern zu schaffen. <a href=\"https:\/\/www.vpst-laubach.de\/wp\/?page_id=41\">Zur\u00fcck zum Leitbild&nbsp;&gt;&gt;<\/a><\/span><\/p>\n<hr>\n<p><img loading=\"lazy\" decoding=\"async\" class=\"size-full wp-image-7476 alignleft\" src=\"https:\/\/www.vpst-laubach.de\/wp\/wp-content\/uploads\/2018\/07\/trennline_neu.jpg\" alt width=\"780\" height=\"80\" srcset=\"https:\/\/www.vpst-laubach.de\/wp\/wp-content\/uploads\/2018\/07\/trennline_neu.jpg 780w, https:\/\/www.vpst-laubach.de\/wp\/wp-content\/uploads\/2018\/07\/trennline_neu-150x15.jpg 150w, https:\/\/www.vpst-laubach.de\/wp\/wp-content\/uploads\/2018\/07\/trennline_neu-300x31.jpg 300w, https:\/\/www.vpst-laubach.de\/wp\/wp-content\/uploads\/2018\/07\/trennline_neu-500x51.jpg 500w\" sizes=\"auto, (max-width: 780px) 100vw, 780px\"><\/p>\n<table style=\"width: 603px;\">\n<tbody>\n<tr>\n<td style=\"width: 670px;\">\n<table class=\" alignleft\" style=\"width: 581px;\">\n<tbody>\n<tr style=\"height: 4px;\">\n<td style=\"width: 154px; height: 10px;\"><a href=\"https:\/\/www.vpst-laubach.de\/wp\/?page_id=1963\"><img loading=\"lazy\" decoding=\"async\" class=\"wp-image-3956 size-full alignnone\" src=\"https:\/\/www.vpst-laubach.de\/wp\/wp-content\/uploads\/2017\/01\/Geschichte-neu1.jpg\" alt width=\"150\" height=\"100\"><\/a><\/td>\n<td style=\"width: 439px; height: 10px;\">\n<h3 style=\"text-align: justify;\"><strong><a href=\"https:\/\/www.vpst-laubach.de\/wp\/?page_id=1963\">Geschichte<\/a><br>\n<\/strong><\/h3>\n<p style=\"text-align: justify;\"><span style=\"font-family: arial,helvetica,sans-serif; font-size: 10pt;\">Wann wurde der Verein gegr\u00fcndet und welche Rolle spielte Prof. Dr. Dr. Horst Eberhard Richter dabei? Diese und andere Fragen werden hier beantwortet <a href=\"https:\/\/www.vpst-laubach.de\/wp\/?page_id=1963\">mehr&gt;&gt;<\/a><\/span><\/p>\n<hr>\n<\/td>\n<\/tr>\n<tr style=\"height: 4px;\">\n<td style=\"width: 154px; height: 10px;\"><img loading=\"lazy\" decoding=\"async\" class=\"alignnone size-full wp-image-8906\" src=\"https:\/\/www.vpst-laubach.de\/wp\/wp-content\/uploads\/2019\/06\/Baustellenschild-klein.jpg\" alt width=\"150\" height=\"100\"><\/td>\n<td style=\"width: 439px; height: 10px;\">\n<h3 style=\"text-align: justify;\"><strong>Organigramm<\/strong><\/h3>\n<p style=\"text-align: justify;\"><span style=\"font-family: arial,helvetica,sans-serif; font-size: 10pt;\">Diese Seite befindet sich noch im Aufbau. Wir bitten um Ihr Verst\u00e4ndnis. In K\u00fcrze finden Sie hier mehr Informationen. Schauen Sie doch bald nochmal vorbei.<\/span><\/p>\n<hr>\n<\/td>\n<\/tr>\n<tr style=\"height: 4px;\">\n<td style=\"width: 154px; height: 10px;\"><img loading=\"lazy\" decoding=\"async\" class=\"alignnone size-full wp-image-4945\" src=\"https:\/\/www.vpst-laubach.de\/wp\/wp-content\/uploads\/2017\/10\/Jahresberichte-BZ.-neu.jpg\" alt width=\"150\" height=\"100\"><\/td>\n<td style=\"width: 439px; height: 10px;\">\n<h3 style=\"text-align: justify;\"><a href=\"https:\/\/www.vpst-laubach.de\/wp\/?page_id=3864\"><strong>Jahresberichte des Beratungszentrums<\/strong><\/a><\/h3>\n<p style=\"text-align: justify;\"><span style=\"font-family: arial,helvetica,sans-serif; font-size: 10pt;\">Wenn Sie wissen wollen, was wir in den letzten Jahren getan haben. Auf den folgenden Seiten stehen Ihnen mehrere informative Jahresberichte zur Verf\u00fcgung. <a href=\"https:\/\/www.vpst-laubach.de\/wp\/?page_id=3864\">mehr&gt;&gt;<\/a><br>\n<\/span><\/p>\n<hr>\n<\/td>\n<\/tr>\n<tr style=\"height: 4px;\">\n<td style=\"width: 154px; height: 10px;\"><img loading=\"lazy\" decoding=\"async\" class=\"alignnone size-full wp-image-8906\" src=\"https:\/\/www.vpst-laubach.de\/wp\/wp-content\/uploads\/2019\/06\/Baustellenschild-klein.jpg\" alt width=\"150\" height=\"100\"><\/td>\n<td style=\"width: 439px; height: 10px;\">\n<h3 style=\"text-align: justify;\"><strong>Finanzen<\/strong><\/h3>\n<p style=\"text-align: justify;\"><span style=\"font-family: arial,helvetica,sans-serif; font-size: 10pt;\">Diese Seite befindet sich noch im Aufbau. Wir bitten um Ihr Verst\u00e4ndnis. In K\u00fcrze finden Sie hier mehr Informationen. Schauen Sie doch bald nochmal vorbei.<\/span><\/p>\n<hr>\n<\/td>\n<\/tr>\n<tr style=\"height: 4px;\">\n<td style=\"width: 154px; height: 10px;\"><img loading=\"lazy\" decoding=\"async\" class=\"alignnone size-full wp-image-8906\" src=\"https:\/\/www.vpst-laubach.de\/wp\/wp-content\/uploads\/2019\/06\/Baustellenschild-klein.jpg\" alt width=\"150\" height=\"100\"><\/td>\n<td style=\"width: 439px; height: 10px;\">\n<h3 style=\"text-align: justify;\"><strong>Einzugsgebiet<\/strong><\/h3>\n<p style=\"text-align: justify;\"><span style=\"font-family: arial,helvetica,sans-serif; font-size: 10pt;\">Diese Seite befindet sich noch im Aufbau. Wir bitten um Ihr Verst\u00e4ndnis. In K\u00fcrze finden Sie hier mehr Informationen. Schauen Sie doch bald nochmal vorbei.<\/span><\/p>\n<hr>\n<\/td>\n<\/tr>\n<\/tbody>\n<\/table>\n<\/td>\n<\/tr>\n<\/tbody>\n<\/table>\n<p>&nbsp;<\/p>\n<\/div>","protected":false},"excerpt":{"rendered":"<!-- RS_MODULE_CODE_2.4.6 --><div id=\"readspeaker_button1394\" class=\"rs_skip rsbtn rs_preserve\"><a class=\"rsbtn_play\" title=\"Um den Text anzuh\u00f6ren, verwenden Sie bitte ReadSpeaker\" accesskey=\"L\" href=\"\/\/app-eu.readspeaker.com\/cgi-bin\/rsent?customerid=11662&amp;lang=de_de&amp;readid=rspeak_read_1394&amp;url=https%3A%2F%2Fwww.vpst-laubach.de%2Fwp%2Fwp-json%2Fwp%2Fv2%2Fpages%2F1394\">\n        <span class=\"rsbtn_left rsimg rspart\"><span class=\"rsbtn_text\"><span>Vorlesen<\/span><\/span><\/span>\n        <span class=\"rsbtn_right rsimg rsplay rspart\"><\/span>\n        <\/a><\/div><div id=\"rspeak_read_1394\"><p> \u00dcber uns \/\u200b\u200b der VPsT \/\u200b\u200b&nbsp; Leitbild VPsT \/\u200b\u200b Unsere St\u00e4rken und Kompetenzen Leitbild VPsT \u2013 Unsere St\u00e4rken und Kompetenzen Unsere Arbeit im Verein wird getragen vom gro\u00dfen Engagement <a class=\"more-link\" href=\"https:\/\/www.vpst-laubach.de\/wp\/unsere-staerken-und-kompetenzen\/\">weiterlesen \u2192<\/a><\/p>\n<\/div>","protected":false},"author":3,"featured_media":0,"parent":0,"menu_order":4,"comment_status":"closed","ping_status":"closed","template":"","meta":{"wp_typography_post_enhancements_disabled":false,"footnotes":""},"class_list":["post-1394","page","type-page","status-publish","hentry"],"_links":{"self":[{"href":"https:\/\/www.vpst-laubach.de\/wp\/wp-json\/wp\/v2\/pages\/1394","targetHints":{"allow":["GET"]}}],"collection":[{"href":"https:\/\/www.vpst-laubach.de\/wp\/wp-json\/wp\/v2\/pages"}],"about":[{"href":"https:\/\/www.vpst-laubach.de\/wp\/wp-json\/wp\/v2\/types\/page"}],"author":[{"embeddable":true,"href":"https:\/\/www.vpst-laubach.de\/wp\/wp-json\/wp\/v2\/users\/3"}],"replies":[{"embeddable":true,"href":"https:\/\/www.vpst-laubach.de\/wp\/wp-json\/wp\/v2\/comments?post=1394"}],"version-history":[{"count":44,"href":"https:\/\/www.vpst-laubach.de\/wp\/wp-json\/wp\/v2\/pages\/1394\/revisions"}],"predecessor-version":[{"id":13510,"href":"https:\/\/www.vpst-laubach.de\/wp\/wp-json\/wp\/v2\/pages\/1394\/revisions\/13510"}],"wp:attachment":[{"href":"https:\/\/www.vpst-laubach.de\/wp\/wp-json\/wp\/v2\/media?parent=1394"}],"curies":[{"name":"wp","href":"https:\/\/api.w.org\/{rel}","templated":true}]}}