{"id":10972,"date":"2019-10-15T08:36:37","date_gmt":"2019-10-15T06:36:37","guid":{"rendered":"https:\/\/www.vpst-laubach.de\/wp\/?page_id=10972"},"modified":"2025-12-09T10:54:28","modified_gmt":"2025-12-09T09:54:28","slug":"stellenangebote","status":"publish","type":"page","link":"https:\/\/www.vpst-laubach.de\/wp\/stellenangebote\/","title":{"rendered":"Stellenangebote"},"content":{"rendered":"<!-- RS_MODULE_CODE_2.4.6 --><div id=\"readspeaker_button10972\" class=\"rs_skip rsbtn rs_preserve\"><a class=\"rsbtn_play\" title=\"Um den Text anzuh\u00f6ren, verwenden Sie bitte ReadSpeaker\" accesskey=\"L\" href=\"\/\/app-eu.readspeaker.com\/cgi-bin\/rsent?customerid=11662&amp;lang=de_de&amp;readid=rspeak_read_10972&amp;url=https%3A%2F%2Fwww.vpst-laubach.de%2Fwp%2Fwp-json%2Fwp%2Fv2%2Fpages%2F10972\">\n        <span class=\"rsbtn_left rsimg rspart\"><span class=\"rsbtn_text\"><span>Vorlesen<\/span><\/span><\/span>\n        <span class=\"rsbtn_right rsimg rsplay rspart\"><\/span>\n        <\/a><\/div><div id=\"rspeak_read_10972\"><table class=\" alignleft\" style=\"width: 100%;\">\n<tbody>\n<tr>\n<td style=\"width: 25px; height: 25px;\"><div class=\"printomatic pom-small \" id=\"id8353\" data-print_target=\"article\"><\/div><\/td>\n<td style=\"width: 25px; height: 25px;\"><a href=\"https:\/\/www.vpst-laubach.de\/wp\"><img loading=\"lazy\" decoding=\"async\" class=\"alignnone wp-image-947\" src=\"https:\/\/www.vpst-laubach.de\/wp\/wp-content\/uploads\/2016\/02\/home.png\" alt width=\"19\" height=\"19\"><\/a><\/td>\n<td style=\"width: 25px; height: 25px;\"><img loading=\"lazy\" decoding=\"async\" class=\"alignnone wp-image-949\" src=\"https:\/\/www.vpst-laubach.de\/wp\/wp-content\/uploads\/2016\/02\/like.png\" width=\"19\" height=\"19\"><\/td>\n<td style=\"width: 662px;\"><span style=\"font-family: arial,helvetica,sans-serif; font-size: 10pt;\">\/\u200b Stellenangebote <\/span><\/td>\n<\/tr>\n<\/tbody>\n<\/table>\n<h1><span style=\"font-family: arial, helvetica, sans-serif;\"><strong><span style=\"color: #4e82be;\">Stellenangebote<a id=\"stellenangebote\"><\/a><\/span><\/strong><\/span><\/h1>\n<p><span style=\"font-family: arial, helvetica, sans-serif; font-size: 10pt;\"><img loading=\"lazy\" decoding=\"async\" class=\"size-medium wp-image-10987 alignleft\" src=\"https:\/\/www.vpst-laubach.de\/wp\/wp-content\/uploads\/2019\/10\/Stellenangebote-300x188.jpg\" alt width=\"300\" height=\"188\" srcset=\"https:\/\/www.vpst-laubach.de\/wp\/wp-content\/uploads\/2019\/10\/Stellenangebote-300x188.jpg 300w, https:\/\/www.vpst-laubach.de\/wp\/wp-content\/uploads\/2019\/10\/Stellenangebote-150x94.jpg 150w, https:\/\/www.vpst-laubach.de\/wp\/wp-content\/uploads\/2019\/10\/Stellenangebote.jpg 320w\" sizes=\"auto, (max-width: 300px) 100vw, 300px\"><\/span> <span style=\"font-family: arial, helvetica, sans-serif; font-size: 10pt;\">Wir sind eine eigenst\u00e4ndige, gemeinn\u00fctzige und dienstleistungsorientierte Organisation der Sozialbranche. Wir sind religi\u00f6s und politisch unabh\u00e4ngig t\u00e4tig und offen f\u00fcr Menschen aus allen Schichten und Kulturen. Inzwischen greifen wir auf eine 40 Jahre gewachsene Erfahrung zur\u00fcck. <\/span> <span style=\"font-family: arial, helvetica, sans-serif; font-size: 10pt;\">Grundsatz unserer gesamten Arbeit ist es, allen Ratsuchenden ein individuell abgestimmtes Beratungs- und Betreuungsangebot bereitzustellen. Ziel ist es, deren aktive Teilhabe am gesellschaftlichen Leben zu f\u00f6rdern und dabei auf bereits vorhandene Ressourcen aufzubauen und die zum Teil verborgenen Kompetenzen zu st\u00e4rken. <\/span> <span style=\"font-family: arial, helvetica, sans-serif; font-size: 10pt;\">Auf folgende offene Stellen im VPsT k\u00f6nnen Sie sich ab sofort bewerben:<\/span><\/p>\n<hr>\n<table class=\" alignleft\" style=\"width: 603px;\">\n<tbody>\n<tr>\n<td>\n<table class=\" alignleft\" style=\"width: 581px;\">\n<tbody>\n<tr>\n<td style=\"width: 154px;\"><a href=\"https:\/\/www.vpst-laubach.de\/wp\/mach-ein-freiwillig-soziales-jahr\/\" target=\"_blank\" rel=\"noopener\"><img loading=\"lazy\" decoding=\"async\" class=\"alignnone wp-image-4477 size-full\" src=\"http:\/\/www.vpst-laubach.de\/wp\/wp-content\/uploads\/2017\/03\/Jobs.jpg\" alt width=\"150\" height=\"100\"><\/a><\/td>\n<td style=\"width: 439px;\">\n<h3 data-wahfont=\"20\"><span style=\"font-family: arial, helvetica, sans-serif;\"><a href=\"https:\/\/www.vpst-laubach.de\/wp\/mach-ein-freiwillig-soziales-jahr\/\" data-wahfont=\"20\">Freiwilliges Soziales Jahr&nbsp;<\/a><\/span><\/h3>\n<span data-wahfont=\"13\"><span data-wahfont=\"13\"><span data-wahfont=\"13\"><span style=\"font-family: arial, helvetica, sans-serif; font-size: 10pt;\">in unserer Tagesst\u00e4tte Laubach<br><\/span><br><a href=\"https:\/\/www.vpst-laubach.de\/wp\/mach-ein-freiwillig-soziales-jahr\/\" data-wahfont=\"13\"><span style=\"font-family: arial, helvetica, sans-serif; font-size: 10pt;\">Mehr Informationen &gt;&gt;<\/span><\/a><\/span><\/span><\/span><hr><\/td>\n<\/tr>\n<\/tbody>\n<\/table>\n<\/td>\n<\/tr>\n<\/tbody>\n<\/table>\n<p>&nbsp;<\/p>\n<\/div>","protected":false},"excerpt":{"rendered":"<!-- RS_MODULE_CODE_2.4.6 --><div id=\"readspeaker_button10972\" class=\"rs_skip rsbtn rs_preserve\"><a class=\"rsbtn_play\" title=\"Um den Text anzuh\u00f6ren, verwenden Sie bitte ReadSpeaker\" accesskey=\"L\" href=\"\/\/app-eu.readspeaker.com\/cgi-bin\/rsent?customerid=11662&amp;lang=de_de&amp;readid=rspeak_read_10972&amp;url=https%3A%2F%2Fwww.vpst-laubach.de%2Fwp%2Fwp-json%2Fwp%2Fv2%2Fpages%2F10972\">\n        <span class=\"rsbtn_left rsimg rspart\"><span class=\"rsbtn_text\"><span>Vorlesen<\/span><\/span><\/span>\n        <span class=\"rsbtn_right rsimg rsplay rspart\"><\/span>\n        <\/a><\/div><div id=\"rspeak_read_10972\"><p> \/\u200b\u200b Stellenangebote Stellenangebote Wir sind eine eigenst\u00e4ndige, gemeinn\u00fctzige und dienstleistungsorientierte Organisation der Sozialbranche. Wir sind religi\u00f6s und politisch unabh\u00e4ngig t\u00e4tig und offen f\u00fcr Menschen aus allen Schichten und Kulturen. <a class=\"more-link\" href=\"https:\/\/www.vpst-laubach.de\/wp\/stellenangebote\/\">weiterlesen \u2192<\/a><\/p>\n<\/div>","protected":false},"author":3,"featured_media":0,"parent":0,"menu_order":0,"comment_status":"closed","ping_status":"closed","template":"","meta":{"wp_typography_post_enhancements_disabled":false,"footnotes":""},"class_list":["post-10972","page","type-page","status-publish","hentry"],"_links":{"self":[{"href":"https:\/\/www.vpst-laubach.de\/wp\/wp-json\/wp\/v2\/pages\/10972","targetHints":{"allow":["GET"]}}],"collection":[{"href":"https:\/\/www.vpst-laubach.de\/wp\/wp-json\/wp\/v2\/pages"}],"about":[{"href":"https:\/\/www.vpst-laubach.de\/wp\/wp-json\/wp\/v2\/types\/page"}],"author":[{"embeddable":true,"href":"https:\/\/www.vpst-laubach.de\/wp\/wp-json\/wp\/v2\/users\/3"}],"replies":[{"embeddable":true,"href":"https:\/\/www.vpst-laubach.de\/wp\/wp-json\/wp\/v2\/comments?post=10972"}],"version-history":[{"count":152,"href":"https:\/\/www.vpst-laubach.de\/wp\/wp-json\/wp\/v2\/pages\/10972\/revisions"}],"predecessor-version":[{"id":16085,"href":"https:\/\/www.vpst-laubach.de\/wp\/wp-json\/wp\/v2\/pages\/10972\/revisions\/16085"}],"wp:attachment":[{"href":"https:\/\/www.vpst-laubach.de\/wp\/wp-json\/wp\/v2\/media?parent=10972"}],"curies":[{"name":"wp","href":"https:\/\/api.w.org\/{rel}","templated":true}]}}